{"id":254,"date":"2021-10-30T12:02:10","date_gmt":"2021-10-30T12:02:10","guid":{"rendered":"https:\/\/implantolog.info\/?page_id=254"},"modified":"2022-10-09T13:16:14","modified_gmt":"2022-10-09T13:16:14","slug":"aktualnosci","status":"publish","type":"page","link":"https:\/\/implantolog.info\/?page_id=254","title":{"rendered":"Aktualno\u015bci"},"content":{"rendered":"<p>[et_pb_section fb_built=&#8221;1&#8243; _builder_version=&#8221;4.12.0&#8243; _module_preset=&#8221;default&#8221; global_colors_info=&#8221;{}&#8221;][et_pb_row _builder_version=&#8221;4.12.0&#8243; _module_preset=&#8221;default&#8221; global_colors_info=&#8221;{}&#8221;][et_pb_column type=&#8221;4_4&#8243; _builder_version=&#8221;4.12.0&#8243; _module_preset=&#8221;default&#8221; global_colors_info=&#8221;{}&#8221;][et_pb_text _builder_version=&#8221;4.12.0&#8243; _module_preset=&#8221;default&#8221; text_font=&#8221;|600|||||||&#8221; text_text_color=&#8221;#777674&#8243; text_font_size=&#8221;20px&#8221; text_letter_spacing=&#8221;3px&#8221; global_colors_info=&#8221;{}&#8221;]<\/p>\n<p style=\"text-align: center;\">Aktualno\u015bci<\/p>\n<p>[\/et_pb_text][\/et_pb_column][\/et_pb_row][et_pb_row column_structure=&#8221;1_2,1_2&#8243; _builder_version=&#8221;4.11.3&#8243; _module_preset=&#8221;default&#8221; global_colors_info=&#8221;{}&#8221;][et_pb_column type=&#8221;1_2&#8243; _builder_version=&#8221;4.11.3&#8243; _module_preset=&#8221;default&#8221; global_colors_info=&#8221;{}&#8221;][et_pb_text _builder_version=&#8221;4.13.0&#8243; _module_preset=&#8221;default&#8221; hover_enabled=&#8221;0&#8243; global_colors_info=&#8221;{}&#8221; sticky_enabled=&#8221;0&#8243;]<\/p>\n<p style=\"text-align: justify;\">Osteogenics Bone Grafting Symposium jest jednym z najbardziej presti\u017cowych i ciekawych merytorycznie kongres\u00f3w implantologicznych w USA. Mam szcz\u0119\u015bcie uczestniczy\u0107 w nim od lat. Sympozjum, kt\u00f3re odby\u0142o si\u0119 na obrze\u017cach Phoenix w kwietniu 2022 by\u0142o moim 6 z kolei. Konferencja, kt\u00f3ra odbywa si\u0119 co 2 lata, ze regu\u0142y w\u0142a\u015bnie w Phoenix w Arizonie, tym razem po 4-letniej przerwie zwi\u0105zanej z pandemi\u0105 go\u015bci\u0142a kilkuset uczestnik\u00f3w, g\u0142\u00f3wnie z USA i Kanady. Wyk\u0142ady stanowi\u0105 zawsze solidn\u0105 dawk\u0119 najnowszej wiedzy z zakresu zaawansowanej regeneracji ko\u015bci oraz tkanek mi\u0119kkich, szeregu innowacyjnych metod leczenia i najnowszych materia\u0142\u00f3w. Poza tym daje mo\u017cliwo\u015b\u0107 dyskusji z ameryka\u0144skimi kolegami oraz wybitnymi specjalistami z ca\u0142ego \u015bwiata, kt\u00f3rzy prowadz\u0105 tam wyk\u0142ady. Na zdj\u0119ciu z dr Marco Rond\u0105 z Genui, wybitnym specjalist\u0105 z pionowej augmentacji ko\u015bci, u kt\u00f3rego by\u0142em kilka lat temu na szkoleniu praktycznym w jego klinice<\/p>\n<p>[\/et_pb_text][\/et_pb_column][et_pb_column type=&#8221;1_2&#8243; _builder_version=&#8221;4.11.3&#8243; _module_preset=&#8221;default&#8221; global_colors_info=&#8221;{}&#8221;][et_pb_image src=&#8221;https:\/\/implantolog.info\/wp-content\/uploads\/2022\/10\/Projekt-bez-tytulu-23.png&#8221; title_text=&#8221;Projekt bez tytu\u0142u (23)&#8221; _builder_version=&#8221;4.13.0&#8243; _module_preset=&#8221;default&#8221; animation_style=&#8221;fade&#8221; hover_enabled=&#8221;0&#8243; global_colors_info=&#8221;{}&#8221; sticky_enabled=&#8221;0&#8243;][\/et_pb_image][\/et_pb_column][\/et_pb_row][\/et_pb_section][et_pb_section fb_built=&#8221;1&#8243; _builder_version=&#8221;4.12.0&#8243; _module_preset=&#8221;default&#8221; global_colors_info=&#8221;{}&#8221;][et_pb_row _builder_version=&#8221;4.12.0&#8243; _module_preset=&#8221;default&#8221; global_colors_info=&#8221;{}&#8221;][et_pb_column type=&#8221;4_4&#8243; _builder_version=&#8221;4.12.0&#8243; _module_preset=&#8221;default&#8221; global_colors_info=&#8221;{}&#8221;][et_pb_text _builder_version=&#8221;4.12.0&#8243; _module_preset=&#8221;default&#8221; text_font=&#8221;|600|||||||&#8221; text_text_color=&#8221;#777674&#8243; text_font_size=&#8221;20px&#8221; text_letter_spacing=&#8221;3px&#8221; global_colors_info=&#8221;{}&#8221;]<\/p>\n<p style=\"text-align: center;\">Aktualno\u015bci<\/p>\n<p>[\/et_pb_text][\/et_pb_column][\/et_pb_row][et_pb_row column_structure=&#8221;1_2,1_2&#8243; _builder_version=&#8221;4.11.3&#8243; _module_preset=&#8221;default&#8221; global_colors_info=&#8221;{}&#8221;][et_pb_column type=&#8221;1_2&#8243; _builder_version=&#8221;4.11.3&#8243; _module_preset=&#8221;default&#8221; global_colors_info=&#8221;{}&#8221;][et_pb_text _builder_version=&#8221;4.11.3&#8243; _module_preset=&#8221;default&#8221; global_colors_info=&#8221;{}&#8221;]<\/p>\n<p style=\"text-align: justify;\">W sierpniu 2021 roku w Sopocie odby\u0142o si\u0119 pierwsze w Polsce po ponad 1.5 rocznej przerwie spowodowanej pandemi\u0105 sympozjum stomatologiczne. Poniewa\u017c tematyka dotyczy\u0142a leczenia zaburze\u0144 zwarcia, r\u00f3wnie\u017c i ja odwiedzi\u0142em Sopot i uczestniczy\u0142em w sympozjum. Analiza zawarcia i okluzji jest niezb\u0119dna przy planowaniu leczenia implantami i implantoprotetyki. Ka\u017cdy za\u0142o\u017cony implant b\u0119dzie p\u00f3\u017aniej obci\u0105\u017cony koron\u0105 protetyczn\u0105, kt\u00f3rej trwa\u0142o\u015b\u0107 zale\u017cy <span><a href=\"http:\/\/m.in\">m.in<\/a><\/span>. od stabilnego zgryzu pacjenta.<\/p>\n<p style=\"text-align: justify;\">Informacje uzyskane na sympozjum potwierdzaj\u0105 moje dotychczasowe za\u0142o\u017cenia.<\/p>\n<p style=\"text-align: justify;\">Niecierpliwie czekam na sympozja i konferencje zagraniczne z zakresu implantologii.<\/p>\n<p>[\/et_pb_text][\/et_pb_column][et_pb_column type=&#8221;1_2&#8243; _builder_version=&#8221;4.11.3&#8243; _module_preset=&#8221;default&#8221; global_colors_info=&#8221;{}&#8221;][et_pb_image src=&#8221;https:\/\/implantolog.info\/wp-content\/uploads\/2021\/10\/00_IMG_2866-2.jpg&#8221; title_text=&#8221;00_IMG_2866-2&#8243; _builder_version=&#8221;4.11.3&#8243; _module_preset=&#8221;default&#8221; animation_style=&#8221;fade&#8221; global_colors_info=&#8221;{}&#8221;][\/et_pb_image][\/et_pb_column][\/et_pb_row][\/et_pb_section]<\/p>\n","protected":false},"excerpt":{"rendered":"<p>Aktualno\u015bciOsteogenics Bone Grafting Symposium jest jednym z najbardziej presti\u017cowych i ciekawych merytorycznie kongres\u00f3w implantologicznych w USA. Mam szcz\u0119\u015bcie uczestniczy\u0107 w nim od lat. Sympozjum, kt\u00f3re odby\u0142o si\u0119 na obrze\u017cach Phoenix w kwietniu 2022 by\u0142o moim 6 z kolei. Konferencja, kt\u00f3ra odbywa si\u0119 co 2 lata, ze regu\u0142y w\u0142a\u015bnie w Phoenix w Arizonie, tym razem po [&hellip;]<\/p>\n","protected":false},"author":1,"featured_media":0,"parent":0,"menu_order":0,"comment_status":"closed","ping_status":"closed","template":"","meta":{"_et_pb_use_builder":"on","_et_pb_old_content":"","_et_gb_content_width":"","footnotes":""},"class_list":["post-254","page","type-page","status-publish","hentry"],"yoast_head":"<!-- This site is optimized with the Yoast SEO plugin v21.9.1 - https:\/\/yoast.com\/wordpress\/plugins\/seo\/ -->\n<title>Aktualno\u015bci - Implantolog Piotr Kaczmarek<\/title>\n<meta name=\"description\" content=\"Dr Piotr Kaczmarek, lekarz, dentysta, stomatolog, implantolog, specjalista implantologii i implantoprotetyki na Uniwersytecie im. Kartezjusza w Pary\u017cu, rocznik 2003, obecnie Warszawa. Od 21 lat, kiedy to za\u0142o\u017cy\u0142em sw\u00f3j pierwszy implant, w Pary\u017cu pod nadzorem specjalist\u00f3w ze szpitala Tenon, zajmuj\u0119 si\u0119 t\u0105 fascynuj\u0105c\u0105 dziedzin\u0105 stomatologii. Dla dobra i satysfakcji pacjent\u00f3w wykonuj\u0119 zar\u00f3wno zabiegi implantologiczne, jaki i skomplikowane zabiegi chirurgii przed implantacyjnej \u2013sterowan\u0105 regeneracj\u0119 ko\u015bci, sinus-liftingi, zabiegi augmentacji pionowej i wszelkie inne zabiegi wspomagaj\u0105ce leczenie implantologiczne.\" \/>\n<meta name=\"robots\" content=\"index, follow, max-snippet:-1, max-image-preview:large, max-video-preview:-1\" \/>\n<link rel=\"canonical\" href=\"https:\/\/implantolog.info\/?page_id=254\" \/>\n<meta property=\"og:locale\" content=\"pl_PL\" \/>\n<meta property=\"og:type\" content=\"article\" \/>\n<meta property=\"og:title\" content=\"Aktualno\u015bci - Implantolog Piotr Kaczmarek\" \/>\n<meta property=\"og:description\" content=\"Dr Piotr Kaczmarek, lekarz, dentysta, stomatolog, implantolog, specjalista implantologii i implantoprotetyki na Uniwersytecie im. Kartezjusza w Pary\u017cu, rocznik 2003, obecnie Warszawa. Od 21 lat, kiedy to za\u0142o\u017cy\u0142em sw\u00f3j pierwszy implant, w Pary\u017cu pod nadzorem specjalist\u00f3w ze szpitala Tenon, zajmuj\u0119 si\u0119 t\u0105 fascynuj\u0105c\u0105 dziedzin\u0105 stomatologii. Dla dobra i satysfakcji pacjent\u00f3w wykonuj\u0119 zar\u00f3wno zabiegi implantologiczne, jaki i skomplikowane zabiegi chirurgii przed implantacyjnej \u2013sterowan\u0105 regeneracj\u0119 ko\u015bci, sinus-liftingi, zabiegi augmentacji pionowej i wszelkie inne zabiegi wspomagaj\u0105ce leczenie implantologiczne.\" \/>\n<meta property=\"og:url\" content=\"https:\/\/implantolog.info\/?page_id=254\" \/>\n<meta property=\"og:site_name\" content=\"Implantolog Piotr Kaczmarek\" \/>\n<meta property=\"article:modified_time\" content=\"2022-10-09T13:16:14+00:00\" \/>\n<meta name=\"twitter:card\" content=\"summary_large_image\" \/>\n<script type=\"application\/ld+json\" class=\"yoast-schema-graph\">{\"@context\":\"https:\/\/schema.org\",\"@graph\":[{\"@type\":\"WebPage\",\"@id\":\"https:\/\/implantolog.info\/?page_id=254\",\"url\":\"https:\/\/implantolog.info\/?page_id=254\",\"name\":\"Aktualno\u015bci - Implantolog Piotr Kaczmarek\",\"isPartOf\":{\"@id\":\"https:\/\/implantolog.info\/#website\"},\"datePublished\":\"2021-10-30T12:02:10+00:00\",\"dateModified\":\"2022-10-09T13:16:14+00:00\",\"description\":\"Dr Piotr Kaczmarek, lekarz, dentysta, stomatolog, implantolog, specjalista implantologii i implantoprotetyki na Uniwersytecie im. Kartezjusza w Pary\u017cu, rocznik 2003, obecnie Warszawa. Od 21 lat, kiedy to za\u0142o\u017cy\u0142em sw\u00f3j pierwszy implant, w Pary\u017cu pod nadzorem specjalist\u00f3w ze szpitala Tenon, zajmuj\u0119 si\u0119 t\u0105 fascynuj\u0105c\u0105 dziedzin\u0105 stomatologii. Dla dobra i satysfakcji pacjent\u00f3w wykonuj\u0119 zar\u00f3wno zabiegi implantologiczne, jaki i skomplikowane zabiegi chirurgii przed implantacyjnej \u2013sterowan\u0105 regeneracj\u0119 ko\u015bci, sinus-liftingi, zabiegi augmentacji pionowej i wszelkie inne zabiegi wspomagaj\u0105ce leczenie implantologiczne.\",\"breadcrumb\":{\"@id\":\"https:\/\/implantolog.info\/?page_id=254#breadcrumb\"},\"inLanguage\":\"pl-PL\",\"potentialAction\":[{\"@type\":\"ReadAction\",\"target\":[\"https:\/\/implantolog.info\/?page_id=254\"]}]},{\"@type\":\"BreadcrumbList\",\"@id\":\"https:\/\/implantolog.info\/?page_id=254#breadcrumb\",\"itemListElement\":[{\"@type\":\"ListItem\",\"position\":1,\"name\":\"Strona g\u0142\u00f3wna\",\"item\":\"https:\/\/implantolog.info\/\"},{\"@type\":\"ListItem\",\"position\":2,\"name\":\"Aktualno\u015bci\"}]},{\"@type\":\"WebSite\",\"@id\":\"https:\/\/implantolog.info\/#website\",\"url\":\"https:\/\/implantolog.info\/\",\"name\":\"Implantolog Piotr Kaczmarek\",\"description\":\"Implantolog Piotr Kaczmarek\",\"publisher\":{\"@id\":\"https:\/\/implantolog.info\/#organization\"},\"potentialAction\":[{\"@type\":\"SearchAction\",\"target\":{\"@type\":\"EntryPoint\",\"urlTemplate\":\"https:\/\/implantolog.info\/?s={search_term_string}\"},\"query-input\":\"required name=search_term_string\"}],\"inLanguage\":\"pl-PL\"},{\"@type\":\"Organization\",\"@id\":\"https:\/\/implantolog.info\/#organization\",\"name\":\"Implantolog Piotr F. Kaczmarek\",\"url\":\"https:\/\/implantolog.info\/\",\"logo\":{\"@type\":\"ImageObject\",\"inLanguage\":\"pl-PL\",\"@id\":\"https:\/\/implantolog.info\/#\/schema\/logo\/image\/\",\"url\":\"https:\/\/implantolog.info\/wp-content\/uploads\/2021\/10\/Logo-Implantologia.png\",\"contentUrl\":\"https:\/\/implantolog.info\/wp-content\/uploads\/2021\/10\/Logo-Implantologia.png\",\"width\":1486,\"height\":417,\"caption\":\"Implantolog Piotr F. Kaczmarek\"},\"image\":{\"@id\":\"https:\/\/implantolog.info\/#\/schema\/logo\/image\/\"}}]}<\/script>\n<!-- \/ Yoast SEO plugin. -->","yoast_head_json":{"title":"Aktualno\u015bci - Implantolog Piotr Kaczmarek","description":"Dr Piotr Kaczmarek, lekarz, dentysta, stomatolog, implantolog, specjalista implantologii i implantoprotetyki na Uniwersytecie im. Kartezjusza w Pary\u017cu, rocznik 2003, obecnie Warszawa. Od 21 lat, kiedy to za\u0142o\u017cy\u0142em sw\u00f3j pierwszy implant, w Pary\u017cu pod nadzorem specjalist\u00f3w ze szpitala Tenon, zajmuj\u0119 si\u0119 t\u0105 fascynuj\u0105c\u0105 dziedzin\u0105 stomatologii. Dla dobra i satysfakcji pacjent\u00f3w wykonuj\u0119 zar\u00f3wno zabiegi implantologiczne, jaki i skomplikowane zabiegi chirurgii przed implantacyjnej \u2013sterowan\u0105 regeneracj\u0119 ko\u015bci, sinus-liftingi, zabiegi augmentacji pionowej i wszelkie inne zabiegi wspomagaj\u0105ce leczenie implantologiczne.","robots":{"index":"index","follow":"follow","max-snippet":"max-snippet:-1","max-image-preview":"max-image-preview:large","max-video-preview":"max-video-preview:-1"},"canonical":"https:\/\/implantolog.info\/?page_id=254","og_locale":"pl_PL","og_type":"article","og_title":"Aktualno\u015bci - Implantolog Piotr Kaczmarek","og_description":"Dr Piotr Kaczmarek, lekarz, dentysta, stomatolog, implantolog, specjalista implantologii i implantoprotetyki na Uniwersytecie im. Kartezjusza w Pary\u017cu, rocznik 2003, obecnie Warszawa. Od 21 lat, kiedy to za\u0142o\u017cy\u0142em sw\u00f3j pierwszy implant, w Pary\u017cu pod nadzorem specjalist\u00f3w ze szpitala Tenon, zajmuj\u0119 si\u0119 t\u0105 fascynuj\u0105c\u0105 dziedzin\u0105 stomatologii. Dla dobra i satysfakcji pacjent\u00f3w wykonuj\u0119 zar\u00f3wno zabiegi implantologiczne, jaki i skomplikowane zabiegi chirurgii przed implantacyjnej \u2013sterowan\u0105 regeneracj\u0119 ko\u015bci, sinus-liftingi, zabiegi augmentacji pionowej i wszelkie inne zabiegi wspomagaj\u0105ce leczenie implantologiczne.","og_url":"https:\/\/implantolog.info\/?page_id=254","og_site_name":"Implantolog Piotr Kaczmarek","article_modified_time":"2022-10-09T13:16:14+00:00","twitter_card":"summary_large_image","schema":{"@context":"https:\/\/schema.org","@graph":[{"@type":"WebPage","@id":"https:\/\/implantolog.info\/?page_id=254","url":"https:\/\/implantolog.info\/?page_id=254","name":"Aktualno\u015bci - Implantolog Piotr Kaczmarek","isPartOf":{"@id":"https:\/\/implantolog.info\/#website"},"datePublished":"2021-10-30T12:02:10+00:00","dateModified":"2022-10-09T13:16:14+00:00","description":"Dr Piotr Kaczmarek, lekarz, dentysta, stomatolog, implantolog, specjalista implantologii i implantoprotetyki na Uniwersytecie im. Kartezjusza w Pary\u017cu, rocznik 2003, obecnie Warszawa. Od 21 lat, kiedy to za\u0142o\u017cy\u0142em sw\u00f3j pierwszy implant, w Pary\u017cu pod nadzorem specjalist\u00f3w ze szpitala Tenon, zajmuj\u0119 si\u0119 t\u0105 fascynuj\u0105c\u0105 dziedzin\u0105 stomatologii. Dla dobra i satysfakcji pacjent\u00f3w wykonuj\u0119 zar\u00f3wno zabiegi implantologiczne, jaki i skomplikowane zabiegi chirurgii przed implantacyjnej \u2013sterowan\u0105 regeneracj\u0119 ko\u015bci, sinus-liftingi, zabiegi augmentacji pionowej i wszelkie inne zabiegi wspomagaj\u0105ce leczenie implantologiczne.","breadcrumb":{"@id":"https:\/\/implantolog.info\/?page_id=254#breadcrumb"},"inLanguage":"pl-PL","potentialAction":[{"@type":"ReadAction","target":["https:\/\/implantolog.info\/?page_id=254"]}]},{"@type":"BreadcrumbList","@id":"https:\/\/implantolog.info\/?page_id=254#breadcrumb","itemListElement":[{"@type":"ListItem","position":1,"name":"Strona g\u0142\u00f3wna","item":"https:\/\/implantolog.info\/"},{"@type":"ListItem","position":2,"name":"Aktualno\u015bci"}]},{"@type":"WebSite","@id":"https:\/\/implantolog.info\/#website","url":"https:\/\/implantolog.info\/","name":"Implantolog Piotr Kaczmarek","description":"Implantolog Piotr Kaczmarek","publisher":{"@id":"https:\/\/implantolog.info\/#organization"},"potentialAction":[{"@type":"SearchAction","target":{"@type":"EntryPoint","urlTemplate":"https:\/\/implantolog.info\/?s={search_term_string}"},"query-input":"required name=search_term_string"}],"inLanguage":"pl-PL"},{"@type":"Organization","@id":"https:\/\/implantolog.info\/#organization","name":"Implantolog Piotr F. Kaczmarek","url":"https:\/\/implantolog.info\/","logo":{"@type":"ImageObject","inLanguage":"pl-PL","@id":"https:\/\/implantolog.info\/#\/schema\/logo\/image\/","url":"https:\/\/implantolog.info\/wp-content\/uploads\/2021\/10\/Logo-Implantologia.png","contentUrl":"https:\/\/implantolog.info\/wp-content\/uploads\/2021\/10\/Logo-Implantologia.png","width":1486,"height":417,"caption":"Implantolog Piotr F. Kaczmarek"},"image":{"@id":"https:\/\/implantolog.info\/#\/schema\/logo\/image\/"}}]}},"_links":{"self":[{"href":"https:\/\/implantolog.info\/index.php?rest_route=\/wp\/v2\/pages\/254","targetHints":{"allow":["GET"]}}],"collection":[{"href":"https:\/\/implantolog.info\/index.php?rest_route=\/wp\/v2\/pages"}],"about":[{"href":"https:\/\/implantolog.info\/index.php?rest_route=\/wp\/v2\/types\/page"}],"author":[{"embeddable":true,"href":"https:\/\/implantolog.info\/index.php?rest_route=\/wp\/v2\/users\/1"}],"replies":[{"embeddable":true,"href":"https:\/\/implantolog.info\/index.php?rest_route=%2Fwp%2Fv2%2Fcomments&post=254"}],"version-history":[{"count":4,"href":"https:\/\/implantolog.info\/index.php?rest_route=\/wp\/v2\/pages\/254\/revisions"}],"predecessor-version":[{"id":416,"href":"https:\/\/implantolog.info\/index.php?rest_route=\/wp\/v2\/pages\/254\/revisions\/416"}],"wp:attachment":[{"href":"https:\/\/implantolog.info\/index.php?rest_route=%2Fwp%2Fv2%2Fmedia&parent=254"}],"curies":[{"name":"wp","href":"https:\/\/api.w.org\/{rel}","templated":true}]}}