{"id":337,"date":"2021-11-07T15:35:31","date_gmt":"2021-11-07T15:35:31","guid":{"rendered":"https:\/\/implantolog.info\/?page_id=337"},"modified":"2021-11-07T15:35:31","modified_gmt":"2021-11-07T15:35:31","slug":"cv-eng","status":"publish","type":"page","link":"https:\/\/implantolog.info\/?page_id=337","title":{"rendered":"CV Eng"},"content":{"rendered":"<p>[et_pb_section fb_built=&#8221;1&#8243; _builder_version=&#8221;4.11.3&#8243; _module_preset=&#8221;default&#8221; global_colors_info=&#8221;{}&#8221; theme_builder_area=&#8221;post_content&#8221;][et_pb_row column_structure=&#8221;1_2,1_2&#8243; _builder_version=&#8221;4.11.3&#8243; _module_preset=&#8221;default&#8221; global_colors_info=&#8221;{}&#8221; theme_builder_area=&#8221;post_content&#8221;][et_pb_column type=&#8221;1_2&#8243; _builder_version=&#8221;4.11.3&#8243; _module_preset=&#8221;default&#8221; global_colors_info=&#8221;{}&#8221; theme_builder_area=&#8221;post_content&#8221;][et_pb_text _builder_version=&#8221;4.13.0&#8243; _module_preset=&#8221;default&#8221; text_font=&#8221;|700|||||||&#8221; text_text_color=&#8221;rgba(0,0,0,0.66)&#8221; text_font_size=&#8221;25px&#8221; text_letter_spacing=&#8221;3px&#8221; hover_enabled=&#8221;0&#8243; global_colors_info=&#8221;{}&#8221; theme_builder_area=&#8221;post_content&#8221; sticky_enabled=&#8221;0&#8243;]<\/p>\n<p><span><b>Dr Piotr Kaczmarek, dental surgeon, specialist in implant dentistry\u00a0<\/b><\/span><\/p>\n<p>[\/et_pb_text][et_pb_text _builder_version=&#8221;4.13.0&#8243; _module_preset=&#8221;default&#8221; hover_enabled=&#8221;0&#8243; global_colors_info=&#8221;{}&#8221; theme_builder_area=&#8221;post_content&#8221; sticky_enabled=&#8221;0&#8243;]<\/p>\n<ul>\n<li><span><b>diplomate of the University\u00a0\u00a0Ren\u00e9 Descartes Paris V in implantology and implant prosthetics, 2003<\/b><\/span><\/li>\n<li><span>Graduated with honors at the Medical University of Warsaw\u00a0in<b>\u00a01999<\/b><\/span><\/li>\n<li><span>during the studies, clinical internship in the department of prostethic dentistry of\u00a0<b>Guy\u2019s Hospital, of the University of London.\u00a0<\/b><\/span><\/li>\n<li><span>after studies, double<b>\u00a0scholarship in the Hospitals of Paris\u00a0<\/b>\u2013 clinical internship in the department of maxillofacial surgery in Beaujon hospital and in the department of implantology of Tenon hospital in Paris; clinical internship in the department of periodontology of<b>\u00a0the University Paris VII\u00a0<\/b><\/span><\/li>\n<li><span>training internship in the department of prosthetic dentistry of the Medical University of Warsaw<\/span><\/li>\n<li><span><b>he trained dentists in implant surgery in<\/b>\u00a0Poland and abroad. In<b>\u00a02003 he trained a group of French dentists in Paris in intraosseus anaesthesia. He also acted as speaker during an important implantology conference in Paris.<\/b><\/span><\/li>\n<li><span>he regularly participates in many trainings worldwide:\u00a0<b>University of Bern, in Switzerland, University of Los Angeles (UCLA), University of New York, University of South Carolina, USA<\/b>\u00a0but also numerous international conferences: Paris, Nice, Phoenix in Arizona, Stockholm, San Antonio in Teksas, Athens, Dusseldorf, Genoa, Budapest, Dublin, Tokyo, Orlando in Florida, Barcelona, Madrid, Lyon, etc.<\/span><\/li>\n<li><span>author of several articles et translations for dentistry magazines, made also simultaneous translations during dental conferences from French.<\/span><\/li>\n<\/ul>\n<p><span>For appointment or to ask a question:<\/span><\/p>\n<p><span><\/span><\/p>\n<ul>\n<li><span><\/span><span>phone +48 607 290 608 (in English or French)<\/span><\/li>\n<li><span><\/span><span>e-mail &#8211;\u00a0<a href=\"mailto:piotr_kaczmarek@implantolog.co\" target=\"_blank\" rel=\"noopener\">piotr_kaczmarek@implantolog.co<\/a><wbr \/>m\u00a0\u00a0\u00a0&#8211; in English or French<\/span><\/li>\n<\/ul>\n<p>[\/et_pb_text][\/et_pb_column][et_pb_column type=&#8221;1_2&#8243; _builder_version=&#8221;4.11.3&#8243; _module_preset=&#8221;default&#8221; global_colors_info=&#8221;{}&#8221; theme_builder_area=&#8221;post_content&#8221;][et_pb_image src=&#8221;https:\/\/implantolog.info\/wp-content\/uploads\/2021\/10\/v2-1.png&#8221; title_text=&#8221;v2&#8243; _builder_version=&#8221;4.11.3&#8243; _module_preset=&#8221;default&#8221; global_colors_info=&#8221;{}&#8221; theme_builder_area=&#8221;post_content&#8221;][\/et_pb_image][\/et_pb_column][\/et_pb_row][\/et_pb_section]<\/p>\n","protected":false},"excerpt":{"rendered":"<p>Dr Piotr Kaczmarek, dental surgeon, specialist in implant dentistry\u00a0 diplomate of the University\u00a0\u00a0Ren\u00e9 Descartes Paris V in implantology and implant prosthetics, 2003 Graduated with honors at the Medical University of Warsaw\u00a0in\u00a01999 during the studies, clinical internship in the department of prostethic dentistry of\u00a0Guy\u2019s Hospital, of the University of London.\u00a0 after studies, double\u00a0scholarship in the Hospitals [&hellip;]<\/p>\n","protected":false},"author":1,"featured_media":0,"parent":0,"menu_order":0,"comment_status":"closed","ping_status":"closed","template":"","meta":{"_et_pb_use_builder":"on","_et_pb_old_content":"","_et_gb_content_width":"","footnotes":""},"class_list":["post-337","page","type-page","status-publish","hentry"],"yoast_head":"<!-- This site is optimized with the Yoast SEO plugin v21.9.1 - https:\/\/yoast.com\/wordpress\/plugins\/seo\/ -->\n<title>CV Eng - Implantolog Piotr Kaczmarek<\/title>\n<meta name=\"description\" content=\"Dr Piotr Kaczmarek, lekarz, dentysta, stomatolog, implantolog, specjalista implantologii i implantoprotetyki na Uniwersytecie im. Kartezjusza w Pary\u017cu, rocznik 2003, obecnie Warszawa. Od 21 lat, kiedy to za\u0142o\u017cy\u0142em sw\u00f3j pierwszy implant, w Pary\u017cu pod nadzorem specjalist\u00f3w ze szpitala Tenon, zajmuj\u0119 si\u0119 t\u0105 fascynuj\u0105c\u0105 dziedzin\u0105 stomatologii. Dla dobra i satysfakcji pacjent\u00f3w wykonuj\u0119 zar\u00f3wno zabiegi implantologiczne, jaki i skomplikowane zabiegi chirurgii przed implantacyjnej \u2013sterowan\u0105 regeneracj\u0119 ko\u015bci, sinus-liftingi, zabiegi augmentacji pionowej i wszelkie inne zabiegi wspomagaj\u0105ce leczenie implantologiczne.\" \/>\n<meta name=\"robots\" content=\"index, follow, max-snippet:-1, max-image-preview:large, max-video-preview:-1\" \/>\n<link rel=\"canonical\" href=\"https:\/\/implantolog.info\/?page_id=337\" \/>\n<meta property=\"og:locale\" content=\"pl_PL\" \/>\n<meta property=\"og:type\" content=\"article\" \/>\n<meta property=\"og:title\" content=\"CV Eng - Implantolog Piotr Kaczmarek\" \/>\n<meta property=\"og:description\" content=\"Dr Piotr Kaczmarek, lekarz, dentysta, stomatolog, implantolog, specjalista implantologii i implantoprotetyki na Uniwersytecie im. Kartezjusza w Pary\u017cu, rocznik 2003, obecnie Warszawa. Od 21 lat, kiedy to za\u0142o\u017cy\u0142em sw\u00f3j pierwszy implant, w Pary\u017cu pod nadzorem specjalist\u00f3w ze szpitala Tenon, zajmuj\u0119 si\u0119 t\u0105 fascynuj\u0105c\u0105 dziedzin\u0105 stomatologii. Dla dobra i satysfakcji pacjent\u00f3w wykonuj\u0119 zar\u00f3wno zabiegi implantologiczne, jaki i skomplikowane zabiegi chirurgii przed implantacyjnej \u2013sterowan\u0105 regeneracj\u0119 ko\u015bci, sinus-liftingi, zabiegi augmentacji pionowej i wszelkie inne zabiegi wspomagaj\u0105ce leczenie implantologiczne.\" \/>\n<meta property=\"og:url\" content=\"https:\/\/implantolog.info\/?page_id=337\" \/>\n<meta property=\"og:site_name\" content=\"Implantolog Piotr Kaczmarek\" \/>\n<meta name=\"twitter:card\" content=\"summary_large_image\" \/>\n<script type=\"application\/ld+json\" class=\"yoast-schema-graph\">{\"@context\":\"https:\/\/schema.org\",\"@graph\":[{\"@type\":\"WebPage\",\"@id\":\"https:\/\/implantolog.info\/?page_id=337\",\"url\":\"https:\/\/implantolog.info\/?page_id=337\",\"name\":\"CV Eng - Implantolog Piotr Kaczmarek\",\"isPartOf\":{\"@id\":\"https:\/\/implantolog.info\/#website\"},\"datePublished\":\"2021-11-07T15:35:31+00:00\",\"dateModified\":\"2021-11-07T15:35:31+00:00\",\"description\":\"Dr Piotr Kaczmarek, lekarz, dentysta, stomatolog, implantolog, specjalista implantologii i implantoprotetyki na Uniwersytecie im. Kartezjusza w Pary\u017cu, rocznik 2003, obecnie Warszawa. Od 21 lat, kiedy to za\u0142o\u017cy\u0142em sw\u00f3j pierwszy implant, w Pary\u017cu pod nadzorem specjalist\u00f3w ze szpitala Tenon, zajmuj\u0119 si\u0119 t\u0105 fascynuj\u0105c\u0105 dziedzin\u0105 stomatologii. Dla dobra i satysfakcji pacjent\u00f3w wykonuj\u0119 zar\u00f3wno zabiegi implantologiczne, jaki i skomplikowane zabiegi chirurgii przed implantacyjnej \u2013sterowan\u0105 regeneracj\u0119 ko\u015bci, sinus-liftingi, zabiegi augmentacji pionowej i wszelkie inne zabiegi wspomagaj\u0105ce leczenie implantologiczne.\",\"breadcrumb\":{\"@id\":\"https:\/\/implantolog.info\/?page_id=337#breadcrumb\"},\"inLanguage\":\"pl-PL\",\"potentialAction\":[{\"@type\":\"ReadAction\",\"target\":[\"https:\/\/implantolog.info\/?page_id=337\"]}]},{\"@type\":\"BreadcrumbList\",\"@id\":\"https:\/\/implantolog.info\/?page_id=337#breadcrumb\",\"itemListElement\":[{\"@type\":\"ListItem\",\"position\":1,\"name\":\"Strona g\u0142\u00f3wna\",\"item\":\"https:\/\/implantolog.info\/\"},{\"@type\":\"ListItem\",\"position\":2,\"name\":\"CV Eng\"}]},{\"@type\":\"WebSite\",\"@id\":\"https:\/\/implantolog.info\/#website\",\"url\":\"https:\/\/implantolog.info\/\",\"name\":\"Implantolog Piotr Kaczmarek\",\"description\":\"Implantolog Piotr Kaczmarek\",\"publisher\":{\"@id\":\"https:\/\/implantolog.info\/#organization\"},\"potentialAction\":[{\"@type\":\"SearchAction\",\"target\":{\"@type\":\"EntryPoint\",\"urlTemplate\":\"https:\/\/implantolog.info\/?s={search_term_string}\"},\"query-input\":\"required name=search_term_string\"}],\"inLanguage\":\"pl-PL\"},{\"@type\":\"Organization\",\"@id\":\"https:\/\/implantolog.info\/#organization\",\"name\":\"Implantolog Piotr F. Kaczmarek\",\"url\":\"https:\/\/implantolog.info\/\",\"logo\":{\"@type\":\"ImageObject\",\"inLanguage\":\"pl-PL\",\"@id\":\"https:\/\/implantolog.info\/#\/schema\/logo\/image\/\",\"url\":\"https:\/\/implantolog.info\/wp-content\/uploads\/2021\/10\/Logo-Implantologia.png\",\"contentUrl\":\"https:\/\/implantolog.info\/wp-content\/uploads\/2021\/10\/Logo-Implantologia.png\",\"width\":1486,\"height\":417,\"caption\":\"Implantolog Piotr F. Kaczmarek\"},\"image\":{\"@id\":\"https:\/\/implantolog.info\/#\/schema\/logo\/image\/\"}}]}<\/script>\n<!-- \/ Yoast SEO plugin. -->","yoast_head_json":{"title":"CV Eng - Implantolog Piotr Kaczmarek","description":"Dr Piotr Kaczmarek, lekarz, dentysta, stomatolog, implantolog, specjalista implantologii i implantoprotetyki na Uniwersytecie im. Kartezjusza w Pary\u017cu, rocznik 2003, obecnie Warszawa. Od 21 lat, kiedy to za\u0142o\u017cy\u0142em sw\u00f3j pierwszy implant, w Pary\u017cu pod nadzorem specjalist\u00f3w ze szpitala Tenon, zajmuj\u0119 si\u0119 t\u0105 fascynuj\u0105c\u0105 dziedzin\u0105 stomatologii. Dla dobra i satysfakcji pacjent\u00f3w wykonuj\u0119 zar\u00f3wno zabiegi implantologiczne, jaki i skomplikowane zabiegi chirurgii przed implantacyjnej \u2013sterowan\u0105 regeneracj\u0119 ko\u015bci, sinus-liftingi, zabiegi augmentacji pionowej i wszelkie inne zabiegi wspomagaj\u0105ce leczenie implantologiczne.","robots":{"index":"index","follow":"follow","max-snippet":"max-snippet:-1","max-image-preview":"max-image-preview:large","max-video-preview":"max-video-preview:-1"},"canonical":"https:\/\/implantolog.info\/?page_id=337","og_locale":"pl_PL","og_type":"article","og_title":"CV Eng - Implantolog Piotr Kaczmarek","og_description":"Dr Piotr Kaczmarek, lekarz, dentysta, stomatolog, implantolog, specjalista implantologii i implantoprotetyki na Uniwersytecie im. Kartezjusza w Pary\u017cu, rocznik 2003, obecnie Warszawa. Od 21 lat, kiedy to za\u0142o\u017cy\u0142em sw\u00f3j pierwszy implant, w Pary\u017cu pod nadzorem specjalist\u00f3w ze szpitala Tenon, zajmuj\u0119 si\u0119 t\u0105 fascynuj\u0105c\u0105 dziedzin\u0105 stomatologii. Dla dobra i satysfakcji pacjent\u00f3w wykonuj\u0119 zar\u00f3wno zabiegi implantologiczne, jaki i skomplikowane zabiegi chirurgii przed implantacyjnej \u2013sterowan\u0105 regeneracj\u0119 ko\u015bci, sinus-liftingi, zabiegi augmentacji pionowej i wszelkie inne zabiegi wspomagaj\u0105ce leczenie implantologiczne.","og_url":"https:\/\/implantolog.info\/?page_id=337","og_site_name":"Implantolog Piotr Kaczmarek","twitter_card":"summary_large_image","schema":{"@context":"https:\/\/schema.org","@graph":[{"@type":"WebPage","@id":"https:\/\/implantolog.info\/?page_id=337","url":"https:\/\/implantolog.info\/?page_id=337","name":"CV Eng - Implantolog Piotr Kaczmarek","isPartOf":{"@id":"https:\/\/implantolog.info\/#website"},"datePublished":"2021-11-07T15:35:31+00:00","dateModified":"2021-11-07T15:35:31+00:00","description":"Dr Piotr Kaczmarek, lekarz, dentysta, stomatolog, implantolog, specjalista implantologii i implantoprotetyki na Uniwersytecie im. Kartezjusza w Pary\u017cu, rocznik 2003, obecnie Warszawa. Od 21 lat, kiedy to za\u0142o\u017cy\u0142em sw\u00f3j pierwszy implant, w Pary\u017cu pod nadzorem specjalist\u00f3w ze szpitala Tenon, zajmuj\u0119 si\u0119 t\u0105 fascynuj\u0105c\u0105 dziedzin\u0105 stomatologii. Dla dobra i satysfakcji pacjent\u00f3w wykonuj\u0119 zar\u00f3wno zabiegi implantologiczne, jaki i skomplikowane zabiegi chirurgii przed implantacyjnej \u2013sterowan\u0105 regeneracj\u0119 ko\u015bci, sinus-liftingi, zabiegi augmentacji pionowej i wszelkie inne zabiegi wspomagaj\u0105ce leczenie implantologiczne.","breadcrumb":{"@id":"https:\/\/implantolog.info\/?page_id=337#breadcrumb"},"inLanguage":"pl-PL","potentialAction":[{"@type":"ReadAction","target":["https:\/\/implantolog.info\/?page_id=337"]}]},{"@type":"BreadcrumbList","@id":"https:\/\/implantolog.info\/?page_id=337#breadcrumb","itemListElement":[{"@type":"ListItem","position":1,"name":"Strona g\u0142\u00f3wna","item":"https:\/\/implantolog.info\/"},{"@type":"ListItem","position":2,"name":"CV Eng"}]},{"@type":"WebSite","@id":"https:\/\/implantolog.info\/#website","url":"https:\/\/implantolog.info\/","name":"Implantolog Piotr Kaczmarek","description":"Implantolog Piotr Kaczmarek","publisher":{"@id":"https:\/\/implantolog.info\/#organization"},"potentialAction":[{"@type":"SearchAction","target":{"@type":"EntryPoint","urlTemplate":"https:\/\/implantolog.info\/?s={search_term_string}"},"query-input":"required name=search_term_string"}],"inLanguage":"pl-PL"},{"@type":"Organization","@id":"https:\/\/implantolog.info\/#organization","name":"Implantolog Piotr F. Kaczmarek","url":"https:\/\/implantolog.info\/","logo":{"@type":"ImageObject","inLanguage":"pl-PL","@id":"https:\/\/implantolog.info\/#\/schema\/logo\/image\/","url":"https:\/\/implantolog.info\/wp-content\/uploads\/2021\/10\/Logo-Implantologia.png","contentUrl":"https:\/\/implantolog.info\/wp-content\/uploads\/2021\/10\/Logo-Implantologia.png","width":1486,"height":417,"caption":"Implantolog Piotr F. Kaczmarek"},"image":{"@id":"https:\/\/implantolog.info\/#\/schema\/logo\/image\/"}}]}},"_links":{"self":[{"href":"https:\/\/implantolog.info\/index.php?rest_route=\/wp\/v2\/pages\/337","targetHints":{"allow":["GET"]}}],"collection":[{"href":"https:\/\/implantolog.info\/index.php?rest_route=\/wp\/v2\/pages"}],"about":[{"href":"https:\/\/implantolog.info\/index.php?rest_route=\/wp\/v2\/types\/page"}],"author":[{"embeddable":true,"href":"https:\/\/implantolog.info\/index.php?rest_route=\/wp\/v2\/users\/1"}],"replies":[{"embeddable":true,"href":"https:\/\/implantolog.info\/index.php?rest_route=%2Fwp%2Fv2%2Fcomments&post=337"}],"version-history":[{"count":2,"href":"https:\/\/implantolog.info\/index.php?rest_route=\/wp\/v2\/pages\/337\/revisions"}],"predecessor-version":[{"id":339,"href":"https:\/\/implantolog.info\/index.php?rest_route=\/wp\/v2\/pages\/337\/revisions\/339"}],"wp:attachment":[{"href":"https:\/\/implantolog.info\/index.php?rest_route=%2Fwp%2Fv2%2Fmedia&parent=337"}],"curies":[{"name":"wp","href":"https:\/\/api.w.org\/{rel}","templated":true}]}}