{"id":67,"date":"2021-10-20T06:25:13","date_gmt":"2021-10-20T06:25:13","guid":{"rendered":"https:\/\/implantolog.info\/?page_id=67"},"modified":"2024-01-26T12:55:36","modified_gmt":"2024-01-26T12:55:36","slug":"kontakt","status":"publish","type":"page","link":"https:\/\/implantolog.info\/?page_id=67","title":{"rendered":"Kontakt"},"content":{"rendered":"<p>[et_pb_section fb_built=&#8221;1&#8243; _builder_version=&#8221;4.16&#8243; _module_preset=&#8221;default&#8221; global_colors_info=&#8221;{}&#8221;][et_pb_row column_structure=&#8221;1_2,1_2&#8243; _builder_version=&#8221;4.16&#8243; _module_preset=&#8221;default&#8221; global_colors_info=&#8221;{}&#8221;][et_pb_column type=&#8221;1_2&#8243; _builder_version=&#8221;4.16&#8243; _module_preset=&#8221;default&#8221; global_colors_info=&#8221;{}&#8221;][et_pb_code _builder_version=&#8221;4.16&#8243; _module_preset=&#8221;default&#8221; global_colors_info=&#8221;{}&#8221;]<iframe src=\"https:\/\/www.google.com\/maps\/embed?pb=!1m18!1m12!1m3!1d2443.616739703351!2d21.035962315796763!3d52.23218057976085!2m3!1f0!2f0!3f0!3m2!1i1024!2i768!4f13.1!3m3!1m2!1s0x471eccff66db2507%3A0xc931f3e1f0114b39!2sSolec%2063B%2Fu1%2C%2000-408%20Warszawa!5e0!3m2!1sen!2spl!4v1634739193788!5m2!1sen!2spl\" width=\"600\" height=\"450\" style=\"border:0;\" allowfullscreen=\"\" loading=\"lazy\"><\/iframe>[\/et_pb_code][\/et_pb_column][et_pb_column type=&#8221;1_2&#8243; _builder_version=&#8221;4.16&#8243; _module_preset=&#8221;default&#8221; global_colors_info=&#8221;{}&#8221;][et_pb_contact_form email=&#8221;admin@implantolog.com&#8221; title=&#8221;Formularz  kontaktowy&#8221; custom_message=&#8221;%%Name%%||et_pb_line_break_holder||%%Email%%||et_pb_line_break_holder||%%Phone%%||et_pb_line_break_holder||%%Message%%||et_pb_line_break_holder||%%Privacy%%&#8221; success_message=&#8221;Dzi\u0119kujemy za przes\u0142anie wiadomo\u015bci&#8221; _builder_version=&#8221;4.24.0&#8243; _module_preset=&#8221;default&#8221; _unique_id=&#8221;14b6050d-13c5-48f8-8ec9-65710ac85aa0&#8243; title_text_color=&#8221;#575757&#8243; title_font_size=&#8221;25px&#8221; title_letter_spacing=&#8221;3px&#8221; custom_button=&#8221;on&#8221; button_text_size=&#8221;16px&#8221; button_text_color=&#8221;#575757&#8243; button_border_radius=&#8221;10px&#8221; button_letter_spacing=&#8221;1px&#8221; hover_enabled=&#8221;0&#8243; global_colors_info=&#8221;{}&#8221; sticky_enabled=&#8221;0&#8243;][et_pb_contact_field field_id=&#8221;Name&#8221; field_title=&#8221;Imi\u0119 i Nazwisko&#8221; fullwidth_field=&#8221;on&#8221; _builder_version=&#8221;4.16&#8243; global_colors_info=&#8221;{}&#8221; button_text_size__hover_enabled=&#8221;off&#8221; button_one_text_size__hover_enabled=&#8221;off&#8221; button_two_text_size__hover_enabled=&#8221;off&#8221; button_text_color__hover_enabled=&#8221;off&#8221; button_one_text_color__hover_enabled=&#8221;off&#8221; button_two_text_color__hover_enabled=&#8221;off&#8221; button_border_width__hover_enabled=&#8221;off&#8221; button_one_border_width__hover_enabled=&#8221;off&#8221; button_two_border_width__hover_enabled=&#8221;off&#8221; button_border_color__hover_enabled=&#8221;off&#8221; button_one_border_color__hover_enabled=&#8221;off&#8221; button_two_border_color__hover_enabled=&#8221;off&#8221; button_border_radius__hover_enabled=&#8221;off&#8221; button_one_border_radius__hover_enabled=&#8221;off&#8221; button_two_border_radius__hover_enabled=&#8221;off&#8221; button_letter_spacing__hover_enabled=&#8221;off&#8221; button_one_letter_spacing__hover_enabled=&#8221;off&#8221; button_two_letter_spacing__hover_enabled=&#8221;off&#8221; button_bg_color__hover_enabled=&#8221;off&#8221; button_one_bg_color__hover_enabled=&#8221;off&#8221; button_two_bg_color__hover_enabled=&#8221;off&#8221;][\/et_pb_contact_field][et_pb_contact_field field_id=&#8221;Email&#8221; field_title=&#8221;Adres mailowy&#8221; field_type=&#8221;email&#8221; _builder_version=&#8221;4.16&#8243; global_colors_info=&#8221;{}&#8221; button_text_size__hover_enabled=&#8221;off&#8221; button_one_text_size__hover_enabled=&#8221;off&#8221; button_two_text_size__hover_enabled=&#8221;off&#8221; button_text_color__hover_enabled=&#8221;off&#8221; button_one_text_color__hover_enabled=&#8221;off&#8221; button_two_text_color__hover_enabled=&#8221;off&#8221; button_border_width__hover_enabled=&#8221;off&#8221; button_one_border_width__hover_enabled=&#8221;off&#8221; button_two_border_width__hover_enabled=&#8221;off&#8221; button_border_color__hover_enabled=&#8221;off&#8221; button_one_border_color__hover_enabled=&#8221;off&#8221; button_two_border_color__hover_enabled=&#8221;off&#8221; button_border_radius__hover_enabled=&#8221;off&#8221; button_one_border_radius__hover_enabled=&#8221;off&#8221; button_two_border_radius__hover_enabled=&#8221;off&#8221; button_letter_spacing__hover_enabled=&#8221;off&#8221; button_one_letter_spacing__hover_enabled=&#8221;off&#8221; button_two_letter_spacing__hover_enabled=&#8221;off&#8221; button_bg_color__hover_enabled=&#8221;off&#8221; button_one_bg_color__hover_enabled=&#8221;off&#8221; button_two_bg_color__hover_enabled=&#8221;off&#8221;][\/et_pb_contact_field][et_pb_contact_field field_id=&#8221;Phone&#8221; field_title=&#8221;Telefon&#8221; _builder_version=&#8221;4.16&#8243; _module_preset=&#8221;default&#8221; global_colors_info=&#8221;{}&#8221;][\/et_pb_contact_field][et_pb_contact_field field_id=&#8221;Message&#8221; field_title=&#8221;Wiadomo\u015b\u0107&#8221; field_type=&#8221;text&#8221; fullwidth_field=&#8221;on&#8221; _builder_version=&#8221;4.16&#8243; global_colors_info=&#8221;{}&#8221; button_text_size__hover_enabled=&#8221;off&#8221; button_one_text_size__hover_enabled=&#8221;off&#8221; button_two_text_size__hover_enabled=&#8221;off&#8221; button_text_color__hover_enabled=&#8221;off&#8221; button_one_text_color__hover_enabled=&#8221;off&#8221; button_two_text_color__hover_enabled=&#8221;off&#8221; button_border_width__hover_enabled=&#8221;off&#8221; button_one_border_width__hover_enabled=&#8221;off&#8221; button_two_border_width__hover_enabled=&#8221;off&#8221; button_border_color__hover_enabled=&#8221;off&#8221; button_one_border_color__hover_enabled=&#8221;off&#8221; button_two_border_color__hover_enabled=&#8221;off&#8221; button_border_radius__hover_enabled=&#8221;off&#8221; button_one_border_radius__hover_enabled=&#8221;off&#8221; button_two_border_radius__hover_enabled=&#8221;off&#8221; button_letter_spacing__hover_enabled=&#8221;off&#8221; button_one_letter_spacing__hover_enabled=&#8221;off&#8221; button_two_letter_spacing__hover_enabled=&#8221;off&#8221; button_bg_color__hover_enabled=&#8221;off&#8221; button_one_bg_color__hover_enabled=&#8221;off&#8221; button_two_bg_color__hover_enabled=&#8221;off&#8221;][\/et_pb_contact_field][et_pb_contact_field field_id=&#8221;Privacy&#8221; field_title=&#8221;Polityka Prywatno\u015bci&#8221; field_type=&#8221;checkbox&#8221; checkbox_options=&#8221;%91{%22value%22:%22Wyra\u017cam zgod\u0119 na przetwarzanie moich danych osobowych tj. imi\u0119, nazwisko, adres e\u2013mail, telefon przez indywidualn\u0105 praktyk\u0119 lekarsk\u0105 Piotr F. Kaczmarek z siedzib\u0105 w Warszawie, ul. Solec 63B lok U1, 00-408 Warszawa, Polska b\u0119d\u0105cym administratorem danych w celu udzielenia odpowiedzi na zadane pytanie.%22,%22checked%22:0,%22dragID%22:-1}%93&#8243; fullwidth_field=&#8221;on&#8221; _builder_version=&#8221;4.16&#8243; _module_preset=&#8221;default&#8221; form_field_font_size=&#8221;8px&#8221; global_colors_info=&#8221;{}&#8221;][\/et_pb_contact_field][\/et_pb_contact_form][\/et_pb_column][\/et_pb_row][\/et_pb_section]<\/p>\n","protected":false},"excerpt":{"rendered":"","protected":false},"author":1,"featured_media":0,"parent":0,"menu_order":0,"comment_status":"closed","ping_status":"closed","template":"","meta":{"_et_pb_use_builder":"on","_et_pb_old_content":"","_et_gb_content_width":"","footnotes":""},"class_list":["post-67","page","type-page","status-publish","hentry"],"yoast_head":"<!-- This site is optimized with the Yoast SEO plugin v21.9.1 - https:\/\/yoast.com\/wordpress\/plugins\/seo\/ -->\n<title>Kontakt - Implantolog Piotr Kaczmarek<\/title>\n<meta name=\"description\" content=\"Dr Piotr Kaczmarek, lekarz, dentysta, stomatolog, implantolog, specjalista implantologii i implantoprotetyki na Uniwersytecie im. Kartezjusza w Pary\u017cu, rocznik 2003, obecnie Warszawa. Od 21 lat, kiedy to za\u0142o\u017cy\u0142em sw\u00f3j pierwszy implant, w Pary\u017cu pod nadzorem specjalist\u00f3w ze szpitala Tenon, zajmuj\u0119 si\u0119 t\u0105 fascynuj\u0105c\u0105 dziedzin\u0105 stomatologii. Dla dobra i satysfakcji pacjent\u00f3w wykonuj\u0119 zar\u00f3wno zabiegi implantologiczne, jaki i skomplikowane zabiegi chirurgii przed implantacyjnej \u2013sterowan\u0105 regeneracj\u0119 ko\u015bci, sinus-liftingi, zabiegi augmentacji pionowej i wszelkie inne zabiegi wspomagaj\u0105ce leczenie implantologiczne.\" \/>\n<meta name=\"robots\" content=\"index, follow, max-snippet:-1, max-image-preview:large, max-video-preview:-1\" \/>\n<link rel=\"canonical\" href=\"https:\/\/implantolog.info\/?page_id=67\" \/>\n<meta property=\"og:locale\" content=\"pl_PL\" \/>\n<meta property=\"og:type\" content=\"article\" \/>\n<meta property=\"og:title\" content=\"Kontakt - Implantolog Piotr Kaczmarek\" \/>\n<meta property=\"og:description\" content=\"Dr Piotr Kaczmarek, lekarz, dentysta, stomatolog, implantolog, specjalista implantologii i implantoprotetyki na Uniwersytecie im. Kartezjusza w Pary\u017cu, rocznik 2003, obecnie Warszawa. Od 21 lat, kiedy to za\u0142o\u017cy\u0142em sw\u00f3j pierwszy implant, w Pary\u017cu pod nadzorem specjalist\u00f3w ze szpitala Tenon, zajmuj\u0119 si\u0119 t\u0105 fascynuj\u0105c\u0105 dziedzin\u0105 stomatologii. Dla dobra i satysfakcji pacjent\u00f3w wykonuj\u0119 zar\u00f3wno zabiegi implantologiczne, jaki i skomplikowane zabiegi chirurgii przed implantacyjnej \u2013sterowan\u0105 regeneracj\u0119 ko\u015bci, sinus-liftingi, zabiegi augmentacji pionowej i wszelkie inne zabiegi wspomagaj\u0105ce leczenie implantologiczne.\" \/>\n<meta property=\"og:url\" content=\"https:\/\/implantolog.info\/?page_id=67\" \/>\n<meta property=\"og:site_name\" content=\"Implantolog Piotr Kaczmarek\" \/>\n<meta property=\"article:modified_time\" content=\"2024-01-26T12:55:36+00:00\" \/>\n<meta name=\"twitter:card\" content=\"summary_large_image\" \/>\n<meta name=\"twitter:label1\" content=\"Szacowany czas czytania\" \/>\n\t<meta name=\"twitter:data1\" content=\"4 minuty\" \/>\n<script type=\"application\/ld+json\" class=\"yoast-schema-graph\">{\"@context\":\"https:\/\/schema.org\",\"@graph\":[{\"@type\":\"WebPage\",\"@id\":\"https:\/\/implantolog.info\/?page_id=67\",\"url\":\"https:\/\/implantolog.info\/?page_id=67\",\"name\":\"Kontakt - Implantolog Piotr Kaczmarek\",\"isPartOf\":{\"@id\":\"https:\/\/implantolog.info\/#website\"},\"datePublished\":\"2021-10-20T06:25:13+00:00\",\"dateModified\":\"2024-01-26T12:55:36+00:00\",\"description\":\"Dr Piotr Kaczmarek, lekarz, dentysta, stomatolog, implantolog, specjalista implantologii i implantoprotetyki na Uniwersytecie im. Kartezjusza w Pary\u017cu, rocznik 2003, obecnie Warszawa. Od 21 lat, kiedy to za\u0142o\u017cy\u0142em sw\u00f3j pierwszy implant, w Pary\u017cu pod nadzorem specjalist\u00f3w ze szpitala Tenon, zajmuj\u0119 si\u0119 t\u0105 fascynuj\u0105c\u0105 dziedzin\u0105 stomatologii. Dla dobra i satysfakcji pacjent\u00f3w wykonuj\u0119 zar\u00f3wno zabiegi implantologiczne, jaki i skomplikowane zabiegi chirurgii przed implantacyjnej \u2013sterowan\u0105 regeneracj\u0119 ko\u015bci, sinus-liftingi, zabiegi augmentacji pionowej i wszelkie inne zabiegi wspomagaj\u0105ce leczenie implantologiczne.\",\"breadcrumb\":{\"@id\":\"https:\/\/implantolog.info\/?page_id=67#breadcrumb\"},\"inLanguage\":\"pl-PL\",\"potentialAction\":[{\"@type\":\"ReadAction\",\"target\":[\"https:\/\/implantolog.info\/?page_id=67\"]}]},{\"@type\":\"BreadcrumbList\",\"@id\":\"https:\/\/implantolog.info\/?page_id=67#breadcrumb\",\"itemListElement\":[{\"@type\":\"ListItem\",\"position\":1,\"name\":\"Strona g\u0142\u00f3wna\",\"item\":\"https:\/\/implantolog.info\/\"},{\"@type\":\"ListItem\",\"position\":2,\"name\":\"Kontakt\"}]},{\"@type\":\"WebSite\",\"@id\":\"https:\/\/implantolog.info\/#website\",\"url\":\"https:\/\/implantolog.info\/\",\"name\":\"Implantolog Piotr Kaczmarek\",\"description\":\"Implantolog Piotr Kaczmarek\",\"publisher\":{\"@id\":\"https:\/\/implantolog.info\/#organization\"},\"potentialAction\":[{\"@type\":\"SearchAction\",\"target\":{\"@type\":\"EntryPoint\",\"urlTemplate\":\"https:\/\/implantolog.info\/?s={search_term_string}\"},\"query-input\":\"required name=search_term_string\"}],\"inLanguage\":\"pl-PL\"},{\"@type\":\"Organization\",\"@id\":\"https:\/\/implantolog.info\/#organization\",\"name\":\"Implantolog Piotr F. Kaczmarek\",\"url\":\"https:\/\/implantolog.info\/\",\"logo\":{\"@type\":\"ImageObject\",\"inLanguage\":\"pl-PL\",\"@id\":\"https:\/\/implantolog.info\/#\/schema\/logo\/image\/\",\"url\":\"https:\/\/implantolog.info\/wp-content\/uploads\/2021\/10\/Logo-Implantologia.png\",\"contentUrl\":\"https:\/\/implantolog.info\/wp-content\/uploads\/2021\/10\/Logo-Implantologia.png\",\"width\":1486,\"height\":417,\"caption\":\"Implantolog Piotr F. Kaczmarek\"},\"image\":{\"@id\":\"https:\/\/implantolog.info\/#\/schema\/logo\/image\/\"}}]}<\/script>\n<!-- \/ Yoast SEO plugin. -->","yoast_head_json":{"title":"Kontakt - Implantolog Piotr Kaczmarek","description":"Dr Piotr Kaczmarek, lekarz, dentysta, stomatolog, implantolog, specjalista implantologii i implantoprotetyki na Uniwersytecie im. Kartezjusza w Pary\u017cu, rocznik 2003, obecnie Warszawa. Od 21 lat, kiedy to za\u0142o\u017cy\u0142em sw\u00f3j pierwszy implant, w Pary\u017cu pod nadzorem specjalist\u00f3w ze szpitala Tenon, zajmuj\u0119 si\u0119 t\u0105 fascynuj\u0105c\u0105 dziedzin\u0105 stomatologii. Dla dobra i satysfakcji pacjent\u00f3w wykonuj\u0119 zar\u00f3wno zabiegi implantologiczne, jaki i skomplikowane zabiegi chirurgii przed implantacyjnej \u2013sterowan\u0105 regeneracj\u0119 ko\u015bci, sinus-liftingi, zabiegi augmentacji pionowej i wszelkie inne zabiegi wspomagaj\u0105ce leczenie implantologiczne.","robots":{"index":"index","follow":"follow","max-snippet":"max-snippet:-1","max-image-preview":"max-image-preview:large","max-video-preview":"max-video-preview:-1"},"canonical":"https:\/\/implantolog.info\/?page_id=67","og_locale":"pl_PL","og_type":"article","og_title":"Kontakt - Implantolog Piotr Kaczmarek","og_description":"Dr Piotr Kaczmarek, lekarz, dentysta, stomatolog, implantolog, specjalista implantologii i implantoprotetyki na Uniwersytecie im. Kartezjusza w Pary\u017cu, rocznik 2003, obecnie Warszawa. Od 21 lat, kiedy to za\u0142o\u017cy\u0142em sw\u00f3j pierwszy implant, w Pary\u017cu pod nadzorem specjalist\u00f3w ze szpitala Tenon, zajmuj\u0119 si\u0119 t\u0105 fascynuj\u0105c\u0105 dziedzin\u0105 stomatologii. Dla dobra i satysfakcji pacjent\u00f3w wykonuj\u0119 zar\u00f3wno zabiegi implantologiczne, jaki i skomplikowane zabiegi chirurgii przed implantacyjnej \u2013sterowan\u0105 regeneracj\u0119 ko\u015bci, sinus-liftingi, zabiegi augmentacji pionowej i wszelkie inne zabiegi wspomagaj\u0105ce leczenie implantologiczne.","og_url":"https:\/\/implantolog.info\/?page_id=67","og_site_name":"Implantolog Piotr Kaczmarek","article_modified_time":"2024-01-26T12:55:36+00:00","twitter_card":"summary_large_image","twitter_misc":{"Szacowany czas czytania":"4 minuty"},"schema":{"@context":"https:\/\/schema.org","@graph":[{"@type":"WebPage","@id":"https:\/\/implantolog.info\/?page_id=67","url":"https:\/\/implantolog.info\/?page_id=67","name":"Kontakt - Implantolog Piotr Kaczmarek","isPartOf":{"@id":"https:\/\/implantolog.info\/#website"},"datePublished":"2021-10-20T06:25:13+00:00","dateModified":"2024-01-26T12:55:36+00:00","description":"Dr Piotr Kaczmarek, lekarz, dentysta, stomatolog, implantolog, specjalista implantologii i implantoprotetyki na Uniwersytecie im. Kartezjusza w Pary\u017cu, rocznik 2003, obecnie Warszawa. Od 21 lat, kiedy to za\u0142o\u017cy\u0142em sw\u00f3j pierwszy implant, w Pary\u017cu pod nadzorem specjalist\u00f3w ze szpitala Tenon, zajmuj\u0119 si\u0119 t\u0105 fascynuj\u0105c\u0105 dziedzin\u0105 stomatologii. Dla dobra i satysfakcji pacjent\u00f3w wykonuj\u0119 zar\u00f3wno zabiegi implantologiczne, jaki i skomplikowane zabiegi chirurgii przed implantacyjnej \u2013sterowan\u0105 regeneracj\u0119 ko\u015bci, sinus-liftingi, zabiegi augmentacji pionowej i wszelkie inne zabiegi wspomagaj\u0105ce leczenie implantologiczne.","breadcrumb":{"@id":"https:\/\/implantolog.info\/?page_id=67#breadcrumb"},"inLanguage":"pl-PL","potentialAction":[{"@type":"ReadAction","target":["https:\/\/implantolog.info\/?page_id=67"]}]},{"@type":"BreadcrumbList","@id":"https:\/\/implantolog.info\/?page_id=67#breadcrumb","itemListElement":[{"@type":"ListItem","position":1,"name":"Strona g\u0142\u00f3wna","item":"https:\/\/implantolog.info\/"},{"@type":"ListItem","position":2,"name":"Kontakt"}]},{"@type":"WebSite","@id":"https:\/\/implantolog.info\/#website","url":"https:\/\/implantolog.info\/","name":"Implantolog Piotr Kaczmarek","description":"Implantolog Piotr Kaczmarek","publisher":{"@id":"https:\/\/implantolog.info\/#organization"},"potentialAction":[{"@type":"SearchAction","target":{"@type":"EntryPoint","urlTemplate":"https:\/\/implantolog.info\/?s={search_term_string}"},"query-input":"required name=search_term_string"}],"inLanguage":"pl-PL"},{"@type":"Organization","@id":"https:\/\/implantolog.info\/#organization","name":"Implantolog Piotr F. Kaczmarek","url":"https:\/\/implantolog.info\/","logo":{"@type":"ImageObject","inLanguage":"pl-PL","@id":"https:\/\/implantolog.info\/#\/schema\/logo\/image\/","url":"https:\/\/implantolog.info\/wp-content\/uploads\/2021\/10\/Logo-Implantologia.png","contentUrl":"https:\/\/implantolog.info\/wp-content\/uploads\/2021\/10\/Logo-Implantologia.png","width":1486,"height":417,"caption":"Implantolog Piotr F. Kaczmarek"},"image":{"@id":"https:\/\/implantolog.info\/#\/schema\/logo\/image\/"}}]}},"_links":{"self":[{"href":"https:\/\/implantolog.info\/index.php?rest_route=\/wp\/v2\/pages\/67","targetHints":{"allow":["GET"]}}],"collection":[{"href":"https:\/\/implantolog.info\/index.php?rest_route=\/wp\/v2\/pages"}],"about":[{"href":"https:\/\/implantolog.info\/index.php?rest_route=\/wp\/v2\/types\/page"}],"author":[{"embeddable":true,"href":"https:\/\/implantolog.info\/index.php?rest_route=\/wp\/v2\/users\/1"}],"replies":[{"embeddable":true,"href":"https:\/\/implantolog.info\/index.php?rest_route=%2Fwp%2Fv2%2Fcomments&post=67"}],"version-history":[{"count":15,"href":"https:\/\/implantolog.info\/index.php?rest_route=\/wp\/v2\/pages\/67\/revisions"}],"predecessor-version":[{"id":424,"href":"https:\/\/implantolog.info\/index.php?rest_route=\/wp\/v2\/pages\/67\/revisions\/424"}],"wp:attachment":[{"href":"https:\/\/implantolog.info\/index.php?rest_route=%2Fwp%2Fv2%2Fmedia&parent=67"}],"curies":[{"name":"wp","href":"https:\/\/api.w.org\/{rel}","templated":true}]}}