{"id":88,"date":"2021-10-20T06:39:32","date_gmt":"2021-10-20T06:39:32","guid":{"rendered":"https:\/\/implantolog.info\/?page_id=88"},"modified":"2021-11-05T12:13:46","modified_gmt":"2021-11-05T12:13:46","slug":"implanty","status":"publish","type":"page","link":"https:\/\/implantolog.info\/?page_id=88","title":{"rendered":"Implanty"},"content":{"rendered":"<p>[et_pb_section fb_built=&#8221;1&#8243; _builder_version=&#8221;4.11.3&#8243; _module_preset=&#8221;default&#8221; global_colors_info=&#8221;{}&#8221;][et_pb_row _builder_version=&#8221;4.11.3&#8243; _module_preset=&#8221;default&#8221; global_colors_info=&#8221;{}&#8221;][et_pb_column type=&#8221;4_4&#8243; _builder_version=&#8221;4.11.3&#8243; _module_preset=&#8221;default&#8221; global_colors_info=&#8221;{}&#8221;][et_pb_text _builder_version=&#8221;4.11.3&#8243; _module_preset=&#8221;default&#8221; text_font=&#8221;|600|||||||&#8221; text_text_color=&#8221;#575757&#8243; text_font_size=&#8221;25px&#8221; text_letter_spacing=&#8221;3px&#8221; global_colors_info=&#8221;{}&#8221;]<\/p>\n<p>Implanty<\/p>\n<p>[\/et_pb_text][\/et_pb_column][\/et_pb_row][et_pb_row column_structure=&#8221;3_4,1_4&#8243; _builder_version=&#8221;4.11.3&#8243; _module_preset=&#8221;default&#8221; global_colors_info=&#8221;{}&#8221;][et_pb_column type=&#8221;3_4&#8243; _builder_version=&#8221;4.11.3&#8243; _module_preset=&#8221;default&#8221; global_colors_info=&#8221;{}&#8221;][et_pb_text _builder_version=&#8221;4.11.3&#8243; _module_preset=&#8221;default&#8221; global_colors_info=&#8221;{}&#8221;]<\/p>\n<p style=\"text-align: justify;\"><span style=\"font-weight: 400;\">Implant stomatologiczny, inaczej wszczep &#8211; to wykonana z tytanu \u015bruba, kt\u00f3ra zast\u0119puje korze\u0144 brakuj\u0105cego z\u0119ba, w przeciwie\u0144stwie do tradycyjnej protetyki odbudowa jednego lub kilku z\u0119b\u00f3w nie wymaga szlifowania zdrowych z\u0119b\u00f3w s\u0105siednich. Na takiej \u015brubie, po okresie zrostu z ko\u015bci, czyli wygojenia tzw. osseointegracji, lekarz wykonuje odbudowy na implantach &#8211; koron protetycznych.<\/span><\/p>\n<p>[\/et_pb_text][et_pb_text _builder_version=&#8221;4.11.3&#8243; _module_preset=&#8221;default&#8221; text_font=&#8221;|600|||||||&#8221; text_text_color=&#8221;#575757&#8243; text_font_size=&#8221;20px&#8221; text_letter_spacing=&#8221;3px&#8221; global_colors_info=&#8221;{}&#8221;]<\/p>\n<p>Zalety implant\u00f3w<\/p>\n<p>[\/et_pb_text][et_pb_text _builder_version=&#8221;4.11.3&#8243; _module_preset=&#8221;default&#8221; global_colors_info=&#8221;{}&#8221;]<\/p>\n<ul>\n<li style=\"font-weight: 400;\" aria-level=\"1\"><span style=\"font-weight: 400;\">przywr\u00f3cenie funkcji i estetyki naturalnego uz\u0119bienia,<\/span><\/li>\n<li style=\"font-weight: 400;\" aria-level=\"1\"><span style=\"font-weight: 400;\">zachowanie stosownego do wieku wygl\u0105du twarzy,<\/span><\/li>\n<li style=\"font-weight: 400;\" aria-level=\"1\"><span style=\"font-weight: 400;\">minimalizacja zaniku ko\u015bci,<\/span><\/li>\n<li style=\"font-weight: 400;\" aria-level=\"1\"><span style=\"font-weight: 400;\">redukcja potrzeby szlifowania s\u0105siednich naturalnych z\u0119b\u00f3w.<\/span><\/li>\n<\/ul>\n<p>[\/et_pb_text][et_pb_text _builder_version=&#8221;4.11.3&#8243; _module_preset=&#8221;default&#8221; text_font=&#8221;|600|||||||&#8221; text_text_color=&#8221;#575757&#8243; text_font_size=&#8221;25px&#8221; text_letter_spacing=&#8221;3px&#8221; global_colors_info=&#8221;{}&#8221;]<\/p>\n<p>Przed zabiegiem<\/p>\n<p>[\/et_pb_text][et_pb_text _builder_version=&#8221;4.11.3&#8243; _module_preset=&#8221;default&#8221; global_colors_info=&#8221;{}&#8221;]<\/p>\n<p style=\"text-align: justify;\"><span style=\"font-weight: 400;\">Zabieg implantacji poprzedzony jest wywiadem lekarskim oraz badaniem klinicznym. Na podstawie zdj\u0119cia pantomograficznego i tomografii komputerowej stomatolog ocenia jako\u015bci i grubo\u015bci ko\u015bci, kt\u00f3ra stanowi pod\u0142o\u017ce dla wszczepu implantologicznego.<\/span><\/p>\n<p>[\/et_pb_text][et_pb_text _builder_version=&#8221;4.11.3&#8243; _module_preset=&#8221;default&#8221; text_font=&#8221;|600|||||||&#8221; text_text_color=&#8221;#575757&#8243; text_font_size=&#8221;20px&#8221; text_letter_spacing=&#8221;3px&#8221; global_colors_info=&#8221;{}&#8221;]<\/p>\n<p>Wskazania:<\/p>\n<p>[\/et_pb_text][et_pb_text _builder_version=&#8221;4.11.3&#8243; _module_preset=&#8221;default&#8221; global_colors_info=&#8221;{}&#8221;]<\/p>\n<ul>\n<li style=\"font-weight: 400;\" aria-level=\"1\"><span style=\"font-weight: 400;\">brak pojedynczego z\u0119ba,<\/span><\/li>\n<li style=\"font-weight: 400;\" aria-level=\"1\"><span style=\"font-weight: 400;\">braki mi\u0119dzyz\u0119bowe o r\u00f3\u017cnej rozpi\u0119to\u015bci w \u017cuchwie i szcz\u0119ce,<\/span><\/li>\n<li style=\"font-weight: 400;\" aria-level=\"1\"><span style=\"font-weight: 400;\">bezz\u0119bie ca\u0142kowite,<\/span><\/li>\n<li style=\"font-weight: 400;\" aria-level=\"1\"><span style=\"font-weight: 400;\">brak zawi\u0105zka lub zawi\u0105zk\u00f3w z\u0119b\u00f3w sta\u0142ych,<\/span><\/li>\n<li style=\"font-weight: 400;\" aria-level=\"1\"><span style=\"font-weight: 400;\">nietolerowanie protez konwencjonalnych.<\/span><\/li>\n<\/ul>\n<p>[\/et_pb_text][et_pb_text _builder_version=&#8221;4.11.3&#8243; _module_preset=&#8221;default&#8221; text_font=&#8221;|600|||||||&#8221; text_text_color=&#8221;#575757&#8243; text_font_size=&#8221;25px&#8221; text_letter_spacing=&#8221;3px&#8221; global_colors_info=&#8221;{}&#8221;]<\/p>\n<p>W trakcie<\/p>\n<p>[\/et_pb_text][\/et_pb_column][et_pb_column type=&#8221;1_4&#8243; _builder_version=&#8221;4.11.3&#8243; _module_preset=&#8221;default&#8221; global_colors_info=&#8221;{}&#8221;][et_pb_image src=&#8221;https:\/\/implantolog.info\/wp-content\/uploads\/2021\/10\/implant.jpg&#8221; title_text=&#8221;implant&#8221; _builder_version=&#8221;4.11.3&#8243; _module_preset=&#8221;default&#8221; global_colors_info=&#8221;{}&#8221;][\/et_pb_image][\/et_pb_column][\/et_pb_row][et_pb_row _builder_version=&#8221;4.11.3&#8243; _module_preset=&#8221;default&#8221; global_colors_info=&#8221;{}&#8221;][et_pb_column type=&#8221;4_4&#8243; _builder_version=&#8221;4.11.3&#8243; _module_preset=&#8221;default&#8221; global_colors_info=&#8221;{}&#8221;][et_pb_text _builder_version=&#8221;4.11.3&#8243; _module_preset=&#8221;default&#8221; global_colors_info=&#8221;{}&#8221;]<\/p>\n<p><span style=\"font-weight: 400;\">Wszczepienie implant\u00f3w jest bezbolesne, wykonuje si\u0119 w znieczuleniu miejscowym (takim samym jak przy leczeniu pr\u00f3chnicy) i nie ma potrzeby wykonywania tego zabiegu w narkozie og\u00f3lnej. Implantacj\u0119 jednej \u015bruby por\u00f3wnuje si\u0119 cz\u0119sto do usuni\u0119cia z\u0119ba jednokorzeniowego, w rzeczywisto\u015bci zabieg jest jeszcze bardziej \u0142agodny.<\/span><\/p>\n<p>[\/et_pb_text][et_pb_text _builder_version=&#8221;4.11.3&#8243; _module_preset=&#8221;default&#8221; text_font=&#8221;|600|||||||&#8221; text_text_color=&#8221;#575757&#8243; text_font_size=&#8221;20px&#8221; text_letter_spacing=&#8221;3px&#8221; global_colors_info=&#8221;{}&#8221;]<\/p>\n<p><b>Najcz\u0119\u015bciej procedura wszczepienia jest dwuetapowa:<\/b><\/p>\n<p>[\/et_pb_text][et_pb_text _builder_version=&#8221;4.11.3&#8243; _module_preset=&#8221;default&#8221; global_colors_info=&#8221;{}&#8221;]<\/p>\n<ol>\n<li style=\"font-weight: 400;\" aria-level=\"1\"><span style=\"font-weight: 400;\">wszczepienie implantu,<\/span><\/li>\n<li style=\"font-weight: 400;\" aria-level=\"1\"><span style=\"font-weight: 400;\">okres integracji implantu z ko\u015bci\u0105 (osteointegracja) od 2 do 4 miesi\u0119cy,<\/span><\/li>\n<li style=\"font-weight: 400;\" aria-level=\"1\"><span style=\"font-weight: 400;\">osadzenie uzupe\u0142nienia protetycznego (np. korony, mostu) na implancie.<\/span><\/li>\n<\/ol>\n<p><span style=\"font-weight: 400;\">Zabieg wszczepienia pojedynczego implantu trwa ok. 30-40 minut, wygl\u0105da tak samo w przypadku wszczepienia dw\u00f3ch, jak i kilku implant\u00f3w. Zwykle nie ma przeciwwskaza\u0144 by lekarza m\u00f3g\u0142 za\u0142o\u017cy\u0107 kilka implant\u00f3w w czasie jednej wizyty.<\/span><\/p>\n<p>[\/et_pb_text][et_pb_text _builder_version=&#8221;4.11.3&#8243; _module_preset=&#8221;default&#8221; text_font=&#8221;|600|||||||&#8221; text_text_color=&#8221;#575757&#8243; text_font_size=&#8221;25px&#8221; text_letter_spacing=&#8221;3px&#8221; global_colors_info=&#8221;{}&#8221;]<\/p>\n<p>Po zabiegu<\/p>\n<p>[\/et_pb_text][et_pb_text _builder_version=&#8221;4.11.3&#8243; _module_preset=&#8221;default&#8221; global_colors_info=&#8221;{}&#8221;]<\/p>\n<p><span style=\"font-weight: 400;\">Po wszczepieniu implant\u00f3w mo\u017cna po 2h od zabiegu mo\u017cna je\u015b\u0107 (pokarmy o mi\u0119kkiej konsystencji), tego samego dnia wr\u00f3ci\u0107 do pracy. Po zabiegu lekarz zaleca os\u0142onowo antybiotyk. Nast\u0119pnego dnia mo\u017ce wyst\u0105pi\u0107 opuchlizna i niewielkie dolegliwo\u015bci b\u00f3lowe. Mo\u017cna sobie jednak z nimi poradzi\u0107 dost\u0119pnymi bez recepty \u015brodkami przeciwb\u00f3lowymi.<\/span><\/p>\n<p><span style=\"font-weight: 400;\">Wymagany czas integracji implantu z ko\u015bci\u0105 (osteointegracja) zale\u017cy od indywidualnych predyspozycji pacjenta i stanu jego ko\u015bci, zazwyczaj trwa od 2 do 6 miesi\u0119cy. W przypadku braku integracji mo\u017cliwe jest ponowne wszczepienie implantu. Pacjent z powodu braku integracji z ko\u015bci nie odczuwa \u017cadnych dolegliwo\u015bci.<\/span><\/p>\n<p><span style=\"font-weight: 400;\">W niekt\u00f3rych przypadkach mo\u017cna od razu (2-3 dni po zabiegu) zamocowa\u0107 sta\u0142y \u0142\u0105cznik protetyczny i korony. Je\u017celi nie jest to mo\u017cliwe, na okres gojenia lekarz zak\u0142ada &#8222;uzupe\u0142nienie tymczasowe&#8221;, aby pacjent nie odczuwa\u0142 w tym czasie dyskomfortu estetycznego.<\/span><\/p>\n<p>[\/et_pb_text][et_pb_text _builder_version=&#8221;4.11.3&#8243; _module_preset=&#8221;default&#8221; text_font=&#8221;|600|||||||&#8221; text_text_color=&#8221;#575757&#8243; text_font_size=&#8221;25px&#8221; text_letter_spacing=&#8221;3px&#8221; global_colors_info=&#8221;{}&#8221;]<\/p>\n<p>Do\u015bwiadczenie<\/p>\n<p>[\/et_pb_text][et_pb_text _builder_version=&#8221;4.12.0&#8243; _module_preset=&#8221;default&#8221; hover_enabled=&#8221;0&#8243; global_colors_info=&#8221;{}&#8221; sticky_enabled=&#8221;0&#8243;]<\/p>\n<p><span>Leczenie implantologiczne stosowane jest ju\u017c od oko\u0142o 40 lat. Ja sam stosuj\u0119 je od ponad 20 lat, a sw\u00f3j pierwszy implant za\u0142o\u017cy\u0142em pod nadzorem specjalisty w Pary\u017cu, zaraz po sko\u0144czeniu studi\u00f3w w 1999 roku. Ten implant, podobnie jak i pozosta\u0142e, nadal s\u0142u\u017cy pacjentowi. Do\u015bwiadczenie pokazuje, i\u017c w przypadku odpowiedniej diagnostyki oraz wysokiej klasy instrumentarium zabiegi implantacji s\u0105 ca\u0142kowicie bezpieczne.<\/span><\/p>\n<p><span><\/span><\/p>\n<p><span>Przed ka\u017cdym zabiegiem pacjent wykonuj\u0119 tomografi\u0119 sto\u017ckow\u0105 (CBCT &#8211; tomografia do implant\u00f3w), tr\u00f3jwymiarowe badanie rtg, kt\u00f3re w maksymalnie precyzyjny i bezpieczny spos\u00f3b umo\u017cliwia zaplanowanie zabiegu oraz optymalnie umieszczenie implantu. W wielu wypadkach dodatkowym narz\u0119dziem pracy jest szablon chirurgiczny, kt\u00f3ry zapewnia za\u0142o\u017cenie implantu we w\u0142a\u015bciwym miejscu i pod odpowiednim k\u0105tem.<\/span><\/p>\n<p><span><\/span><\/p>\n<p><span>Stosuj\u0119 tylko najwy\u017cszej jako\u015bci instrumentarium do implantologii wykorzystywane m.in. w renomowanych klinikach Pary\u017ca, w Niemczech i USA. Stosuj\u0119 obecnie kilka system\u00f3w implant\u00f3w \u2013 dostosowane do r\u00f3\u017cnych warunk\u00f3w klinicznych. S\u0105 one ca\u0142kowicie bezpieczne, spe\u0142niaj\u0105 najwy\u017csze standardy jako\u015bci i posiadaj\u0105 szereg bada\u0144 klinicznych i wieloletnie obserwacje. Wykorzystywany przeze mnie sprz\u0119t jaki i materia\u0142y do regeneracji ko\u015bci s\u0105 to produkty pochodz\u0105ce z Niemiec, USA, Francji, Japonii i W\u0142och.<\/span><\/p>\n<p>[\/et_pb_text][\/et_pb_column][\/et_pb_row][\/et_pb_section]<\/p>\n","protected":false},"excerpt":{"rendered":"<p>ImplantyImplant stomatologiczny, inaczej wszczep &#8211; to wykonana z tytanu \u015bruba, kt\u00f3ra zast\u0119puje korze\u0144 brakuj\u0105cego z\u0119ba, w przeciwie\u0144stwie do tradycyjnej protetyki odbudowa jednego lub kilku z\u0119b\u00f3w nie wymaga szlifowania zdrowych z\u0119b\u00f3w s\u0105siednich. Na takiej \u015brubie, po okresie zrostu z ko\u015bci, czyli wygojenia tzw. osseointegracji, lekarz wykonuje odbudowy na implantach &#8211; koron protetycznych.Zalety implant\u00f3w przywr\u00f3cenie funkcji i [&hellip;]<\/p>\n","protected":false},"author":1,"featured_media":0,"parent":0,"menu_order":0,"comment_status":"closed","ping_status":"closed","template":"","meta":{"_et_pb_use_builder":"on","_et_pb_old_content":"","_et_gb_content_width":"","footnotes":""},"class_list":["post-88","page","type-page","status-publish","hentry"],"yoast_head":"<!-- This site is optimized with the Yoast SEO plugin v21.9.1 - https:\/\/yoast.com\/wordpress\/plugins\/seo\/ -->\n<title>Implanty - Implantolog Piotr Kaczmarek<\/title>\n<meta name=\"description\" content=\"Dr Piotr Kaczmarek, lekarz, dentysta, stomatolog, implantolog, specjalista implantologii i implantoprotetyki na Uniwersytecie im. Kartezjusza w Pary\u017cu, rocznik 2003, obecnie Warszawa. Od 21 lat, kiedy to za\u0142o\u017cy\u0142em sw\u00f3j pierwszy implant, w Pary\u017cu pod nadzorem specjalist\u00f3w ze szpitala Tenon, zajmuj\u0119 si\u0119 t\u0105 fascynuj\u0105c\u0105 dziedzin\u0105 stomatologii. Dla dobra i satysfakcji pacjent\u00f3w wykonuj\u0119 zar\u00f3wno zabiegi implantologiczne, jaki i skomplikowane zabiegi chirurgii przed implantacyjnej \u2013sterowan\u0105 regeneracj\u0119 ko\u015bci, sinus-liftingi, zabiegi augmentacji pionowej i wszelkie inne zabiegi wspomagaj\u0105ce leczenie implantologiczne.\" \/>\n<meta name=\"robots\" content=\"index, follow, max-snippet:-1, max-image-preview:large, max-video-preview:-1\" \/>\n<link rel=\"canonical\" href=\"https:\/\/implantolog.info\/?page_id=88\" \/>\n<meta property=\"og:locale\" content=\"pl_PL\" \/>\n<meta property=\"og:type\" content=\"article\" \/>\n<meta property=\"og:title\" content=\"Implanty - Implantolog Piotr Kaczmarek\" \/>\n<meta property=\"og:description\" content=\"Dr Piotr Kaczmarek, lekarz, dentysta, stomatolog, implantolog, specjalista implantologii i implantoprotetyki na Uniwersytecie im. Kartezjusza w Pary\u017cu, rocznik 2003, obecnie Warszawa. Od 21 lat, kiedy to za\u0142o\u017cy\u0142em sw\u00f3j pierwszy implant, w Pary\u017cu pod nadzorem specjalist\u00f3w ze szpitala Tenon, zajmuj\u0119 si\u0119 t\u0105 fascynuj\u0105c\u0105 dziedzin\u0105 stomatologii. Dla dobra i satysfakcji pacjent\u00f3w wykonuj\u0119 zar\u00f3wno zabiegi implantologiczne, jaki i skomplikowane zabiegi chirurgii przed implantacyjnej \u2013sterowan\u0105 regeneracj\u0119 ko\u015bci, sinus-liftingi, zabiegi augmentacji pionowej i wszelkie inne zabiegi wspomagaj\u0105ce leczenie implantologiczne.\" \/>\n<meta property=\"og:url\" content=\"https:\/\/implantolog.info\/?page_id=88\" \/>\n<meta property=\"og:site_name\" content=\"Implantolog Piotr Kaczmarek\" \/>\n<meta property=\"article:modified_time\" content=\"2021-11-05T12:13:46+00:00\" \/>\n<meta name=\"twitter:card\" content=\"summary_large_image\" \/>\n<meta name=\"twitter:label1\" content=\"Szacowany czas czytania\" \/>\n\t<meta name=\"twitter:data1\" content=\"6 minut\" \/>\n<script type=\"application\/ld+json\" class=\"yoast-schema-graph\">{\"@context\":\"https:\/\/schema.org\",\"@graph\":[{\"@type\":\"WebPage\",\"@id\":\"https:\/\/implantolog.info\/?page_id=88\",\"url\":\"https:\/\/implantolog.info\/?page_id=88\",\"name\":\"Implanty - Implantolog Piotr Kaczmarek\",\"isPartOf\":{\"@id\":\"https:\/\/implantolog.info\/#website\"},\"datePublished\":\"2021-10-20T06:39:32+00:00\",\"dateModified\":\"2021-11-05T12:13:46+00:00\",\"description\":\"Dr Piotr Kaczmarek, lekarz, dentysta, stomatolog, implantolog, specjalista implantologii i implantoprotetyki na Uniwersytecie im. Kartezjusza w Pary\u017cu, rocznik 2003, obecnie Warszawa. Od 21 lat, kiedy to za\u0142o\u017cy\u0142em sw\u00f3j pierwszy implant, w Pary\u017cu pod nadzorem specjalist\u00f3w ze szpitala Tenon, zajmuj\u0119 si\u0119 t\u0105 fascynuj\u0105c\u0105 dziedzin\u0105 stomatologii. Dla dobra i satysfakcji pacjent\u00f3w wykonuj\u0119 zar\u00f3wno zabiegi implantologiczne, jaki i skomplikowane zabiegi chirurgii przed implantacyjnej \u2013sterowan\u0105 regeneracj\u0119 ko\u015bci, sinus-liftingi, zabiegi augmentacji pionowej i wszelkie inne zabiegi wspomagaj\u0105ce leczenie implantologiczne.\",\"breadcrumb\":{\"@id\":\"https:\/\/implantolog.info\/?page_id=88#breadcrumb\"},\"inLanguage\":\"pl-PL\",\"potentialAction\":[{\"@type\":\"ReadAction\",\"target\":[\"https:\/\/implantolog.info\/?page_id=88\"]}]},{\"@type\":\"BreadcrumbList\",\"@id\":\"https:\/\/implantolog.info\/?page_id=88#breadcrumb\",\"itemListElement\":[{\"@type\":\"ListItem\",\"position\":1,\"name\":\"Strona g\u0142\u00f3wna\",\"item\":\"https:\/\/implantolog.info\/\"},{\"@type\":\"ListItem\",\"position\":2,\"name\":\"Implanty\"}]},{\"@type\":\"WebSite\",\"@id\":\"https:\/\/implantolog.info\/#website\",\"url\":\"https:\/\/implantolog.info\/\",\"name\":\"Implantolog Piotr Kaczmarek\",\"description\":\"Implantolog Piotr Kaczmarek\",\"publisher\":{\"@id\":\"https:\/\/implantolog.info\/#organization\"},\"potentialAction\":[{\"@type\":\"SearchAction\",\"target\":{\"@type\":\"EntryPoint\",\"urlTemplate\":\"https:\/\/implantolog.info\/?s={search_term_string}\"},\"query-input\":\"required name=search_term_string\"}],\"inLanguage\":\"pl-PL\"},{\"@type\":\"Organization\",\"@id\":\"https:\/\/implantolog.info\/#organization\",\"name\":\"Implantolog Piotr F. Kaczmarek\",\"url\":\"https:\/\/implantolog.info\/\",\"logo\":{\"@type\":\"ImageObject\",\"inLanguage\":\"pl-PL\",\"@id\":\"https:\/\/implantolog.info\/#\/schema\/logo\/image\/\",\"url\":\"https:\/\/implantolog.info\/wp-content\/uploads\/2021\/10\/Logo-Implantologia.png\",\"contentUrl\":\"https:\/\/implantolog.info\/wp-content\/uploads\/2021\/10\/Logo-Implantologia.png\",\"width\":1486,\"height\":417,\"caption\":\"Implantolog Piotr F. Kaczmarek\"},\"image\":{\"@id\":\"https:\/\/implantolog.info\/#\/schema\/logo\/image\/\"}}]}<\/script>\n<!-- \/ Yoast SEO plugin. -->","yoast_head_json":{"title":"Implanty - Implantolog Piotr Kaczmarek","description":"Dr Piotr Kaczmarek, lekarz, dentysta, stomatolog, implantolog, specjalista implantologii i implantoprotetyki na Uniwersytecie im. Kartezjusza w Pary\u017cu, rocznik 2003, obecnie Warszawa. Od 21 lat, kiedy to za\u0142o\u017cy\u0142em sw\u00f3j pierwszy implant, w Pary\u017cu pod nadzorem specjalist\u00f3w ze szpitala Tenon, zajmuj\u0119 si\u0119 t\u0105 fascynuj\u0105c\u0105 dziedzin\u0105 stomatologii. Dla dobra i satysfakcji pacjent\u00f3w wykonuj\u0119 zar\u00f3wno zabiegi implantologiczne, jaki i skomplikowane zabiegi chirurgii przed implantacyjnej \u2013sterowan\u0105 regeneracj\u0119 ko\u015bci, sinus-liftingi, zabiegi augmentacji pionowej i wszelkie inne zabiegi wspomagaj\u0105ce leczenie implantologiczne.","robots":{"index":"index","follow":"follow","max-snippet":"max-snippet:-1","max-image-preview":"max-image-preview:large","max-video-preview":"max-video-preview:-1"},"canonical":"https:\/\/implantolog.info\/?page_id=88","og_locale":"pl_PL","og_type":"article","og_title":"Implanty - Implantolog Piotr Kaczmarek","og_description":"Dr Piotr Kaczmarek, lekarz, dentysta, stomatolog, implantolog, specjalista implantologii i implantoprotetyki na Uniwersytecie im. Kartezjusza w Pary\u017cu, rocznik 2003, obecnie Warszawa. Od 21 lat, kiedy to za\u0142o\u017cy\u0142em sw\u00f3j pierwszy implant, w Pary\u017cu pod nadzorem specjalist\u00f3w ze szpitala Tenon, zajmuj\u0119 si\u0119 t\u0105 fascynuj\u0105c\u0105 dziedzin\u0105 stomatologii. Dla dobra i satysfakcji pacjent\u00f3w wykonuj\u0119 zar\u00f3wno zabiegi implantologiczne, jaki i skomplikowane zabiegi chirurgii przed implantacyjnej \u2013sterowan\u0105 regeneracj\u0119 ko\u015bci, sinus-liftingi, zabiegi augmentacji pionowej i wszelkie inne zabiegi wspomagaj\u0105ce leczenie implantologiczne.","og_url":"https:\/\/implantolog.info\/?page_id=88","og_site_name":"Implantolog Piotr Kaczmarek","article_modified_time":"2021-11-05T12:13:46+00:00","twitter_card":"summary_large_image","twitter_misc":{"Szacowany czas czytania":"6 minut"},"schema":{"@context":"https:\/\/schema.org","@graph":[{"@type":"WebPage","@id":"https:\/\/implantolog.info\/?page_id=88","url":"https:\/\/implantolog.info\/?page_id=88","name":"Implanty - Implantolog Piotr Kaczmarek","isPartOf":{"@id":"https:\/\/implantolog.info\/#website"},"datePublished":"2021-10-20T06:39:32+00:00","dateModified":"2021-11-05T12:13:46+00:00","description":"Dr Piotr Kaczmarek, lekarz, dentysta, stomatolog, implantolog, specjalista implantologii i implantoprotetyki na Uniwersytecie im. Kartezjusza w Pary\u017cu, rocznik 2003, obecnie Warszawa. Od 21 lat, kiedy to za\u0142o\u017cy\u0142em sw\u00f3j pierwszy implant, w Pary\u017cu pod nadzorem specjalist\u00f3w ze szpitala Tenon, zajmuj\u0119 si\u0119 t\u0105 fascynuj\u0105c\u0105 dziedzin\u0105 stomatologii. Dla dobra i satysfakcji pacjent\u00f3w wykonuj\u0119 zar\u00f3wno zabiegi implantologiczne, jaki i skomplikowane zabiegi chirurgii przed implantacyjnej \u2013sterowan\u0105 regeneracj\u0119 ko\u015bci, sinus-liftingi, zabiegi augmentacji pionowej i wszelkie inne zabiegi wspomagaj\u0105ce leczenie implantologiczne.","breadcrumb":{"@id":"https:\/\/implantolog.info\/?page_id=88#breadcrumb"},"inLanguage":"pl-PL","potentialAction":[{"@type":"ReadAction","target":["https:\/\/implantolog.info\/?page_id=88"]}]},{"@type":"BreadcrumbList","@id":"https:\/\/implantolog.info\/?page_id=88#breadcrumb","itemListElement":[{"@type":"ListItem","position":1,"name":"Strona g\u0142\u00f3wna","item":"https:\/\/implantolog.info\/"},{"@type":"ListItem","position":2,"name":"Implanty"}]},{"@type":"WebSite","@id":"https:\/\/implantolog.info\/#website","url":"https:\/\/implantolog.info\/","name":"Implantolog Piotr Kaczmarek","description":"Implantolog Piotr Kaczmarek","publisher":{"@id":"https:\/\/implantolog.info\/#organization"},"potentialAction":[{"@type":"SearchAction","target":{"@type":"EntryPoint","urlTemplate":"https:\/\/implantolog.info\/?s={search_term_string}"},"query-input":"required name=search_term_string"}],"inLanguage":"pl-PL"},{"@type":"Organization","@id":"https:\/\/implantolog.info\/#organization","name":"Implantolog Piotr F. Kaczmarek","url":"https:\/\/implantolog.info\/","logo":{"@type":"ImageObject","inLanguage":"pl-PL","@id":"https:\/\/implantolog.info\/#\/schema\/logo\/image\/","url":"https:\/\/implantolog.info\/wp-content\/uploads\/2021\/10\/Logo-Implantologia.png","contentUrl":"https:\/\/implantolog.info\/wp-content\/uploads\/2021\/10\/Logo-Implantologia.png","width":1486,"height":417,"caption":"Implantolog Piotr F. Kaczmarek"},"image":{"@id":"https:\/\/implantolog.info\/#\/schema\/logo\/image\/"}}]}},"_links":{"self":[{"href":"https:\/\/implantolog.info\/index.php?rest_route=\/wp\/v2\/pages\/88","targetHints":{"allow":["GET"]}}],"collection":[{"href":"https:\/\/implantolog.info\/index.php?rest_route=\/wp\/v2\/pages"}],"about":[{"href":"https:\/\/implantolog.info\/index.php?rest_route=\/wp\/v2\/types\/page"}],"author":[{"embeddable":true,"href":"https:\/\/implantolog.info\/index.php?rest_route=\/wp\/v2\/users\/1"}],"replies":[{"embeddable":true,"href":"https:\/\/implantolog.info\/index.php?rest_route=%2Fwp%2Fv2%2Fcomments&post=88"}],"version-history":[{"count":8,"href":"https:\/\/implantolog.info\/index.php?rest_route=\/wp\/v2\/pages\/88\/revisions"}],"predecessor-version":[{"id":324,"href":"https:\/\/implantolog.info\/index.php?rest_route=\/wp\/v2\/pages\/88\/revisions\/324"}],"wp:attachment":[{"href":"https:\/\/implantolog.info\/index.php?rest_route=%2Fwp%2Fv2%2Fmedia&parent=88"}],"curies":[{"name":"wp","href":"https:\/\/api.w.org\/{rel}","templated":true}]}}