{"id":91,"date":"2021-10-20T06:40:35","date_gmt":"2021-10-20T06:40:35","guid":{"rendered":"https:\/\/implantolog.info\/?page_id=91"},"modified":"2021-11-07T14:42:45","modified_gmt":"2021-11-07T14:42:45","slug":"o-mnie","status":"publish","type":"page","link":"https:\/\/implantolog.info\/?page_id=91","title":{"rendered":"O mnie"},"content":{"rendered":"<p>[et_pb_section fb_built=&#8221;1&#8243; _builder_version=&#8221;4.11.3&#8243; _module_preset=&#8221;default&#8221; global_colors_info=&#8221;{}&#8221;][et_pb_row column_structure=&#8221;1_2,1_2&#8243; _builder_version=&#8221;4.11.3&#8243; _module_preset=&#8221;default&#8221; global_colors_info=&#8221;{}&#8221;][et_pb_column type=&#8221;1_2&#8243; _builder_version=&#8221;4.11.3&#8243; _module_preset=&#8221;default&#8221; global_colors_info=&#8221;{}&#8221;][et_pb_text _builder_version=&#8221;4.11.3&#8243; _module_preset=&#8221;default&#8221; text_font=&#8221;|600|||||||&#8221; text_text_color=&#8221;#575757&#8243; text_font_size=&#8221;25px&#8221; text_letter_spacing=&#8221;3px&#8221; text_line_height=&#8221;1.8em&#8221; global_colors_info=&#8221;{}&#8221;]<\/p>\n<p>Implantolog z 20 letnim do\u015bwiadczeniem<\/p>\n<p>[\/et_pb_text][et_pb_text _builder_version=&#8221;4.13.0&#8243; _module_preset=&#8221;default&#8221; text_font=&#8221;|600|||||||&#8221; text_text_color=&#8221;#575757&#8243; text_line_height=&#8221;1.8em&#8221; hover_enabled=&#8221;0&#8243; global_colors_info=&#8221;{}&#8221; sticky_enabled=&#8221;0&#8243;]<\/p>\n<p style=\"text-align: justify;\">Od 21 lat, kiedy to za\u0142o\u017cy\u0142em sw\u00f3j pierwszy implant, w Pary\u017cu pod nadzorem<br \/>specjalist\u00f3w ze szpitala Tenon, zajmuj\u0119 si\u0119 t\u0105 fascynuj\u0105c\u0105 dziedzin\u0105 stomatologii. Dla dobra i satysfakcji pacjent\u00f3w wykonuj\u0119 zar\u00f3wno zabiegi implantologiczne, jaki\u00a0 i skomplikowane zabiegi chirurgii przed implantacyjnej &#8211; sterowan\u0105 regeneracj\u0119 ko\u015bci, sinus-liftingi, zabiegi augmentacji pionowej i wszelkie inne zabiegi wspomagaj\u0105ce leczenie implantologiczne. Leczenie implantologiczne przeprowadzam do ko\u0144ca: po odbudowie ko\u015bci i za\u0142o\u017ceniu implant\u00f3w, je\u017celi jest to potrzebne wykonuj\u0119 zabiegi plastyki dzi\u0105s\u0142a w celu poprawy estetyki i funkcji a na koniec odbudow\u0119 protetyczn\u0105 na implantach. Dzi\u0119ki temu pacjent odzyskuje sw\u00f3j u\u015bmiech i funkcj\u0119 jak\u0105 posiada\u0142y w\u0142asne z\u0119by.<\/p>\n<p style=\"text-align: justify;\">W latach 2000-2003 mieszka\u0142em w Pary\u017cu, gdzie pod okiem najlepszych specjalist\u00f3w w dziedzinach chirurgii szcz\u0119kowej i implantologii zdobywa\u0142em umiej\u0119tno\u015bci w zakresie implantologii. Uko\u0144czy\u0142em tam presti\u017cowe podyplomowe studia specjalizacyjne na Uniwersytecie im Kartezjusza. Podej\u015bcie do pacjenta i zawodu oraz najlepsze wzorce czerpi\u0119 te\u017c z najbli\u017cszego otoczenia. Stomatologiem jest moja mama, a siostra jest wzi\u0119tym chirurgiem okulist\u0105 w Pary\u017cu.<\/p>\n<p style=\"text-align: justify;\">Posiadam 20-letnie do\u015bwiadczenie, tysi\u0105ce wykonanych zabieg\u00f3w i zadowolonych pacjent\u00f3w. Te lata wykonywanych zabieg\u00f3w oraz ogrom odbytych na \u015bwiecie szkole\u0144 i konferencji pozwoli\u0142y nie tylko na zdobycie wiedzy i praktyki, ale r\u00f3wnie\u017c wyb\u00f3r najlepszych mo\u017cliwych materia\u0142\u00f3w i technik stosowanych podczas leczenia i dostosowanych do warunk\u00f3w i pacjenta. Ka\u017cdego pacjenta zawsze traktuj\u0119 indywidualnie, staram si\u0119 sprosta\u0107 jego potrzebom i oczekiwaniom. Poza bardzo wysok\u0105 skuteczno\u015bci\u0105 leczenia zale\u017cy mi na komforcie pacjenta, wyeliminowaniu b\u00f3lu i strachu. Dlatego przy ka\u017cdym zabiegu stosuj\u0119 znieczulenia komputerowe. W gabinecie posiadam a\u017c 3 modele urz\u0105dze\u0144 tego typu dostosowane do r\u00f3\u017cnych warunk\u00f3w.<\/p>\n<p style=\"text-align: justify;\">Ca\u0142y czas poszukuj\u0119 nowych pomys\u0142\u00f3w i inspiracji, nie tylko na szkoleniach czy kongresach, ale r\u00f3wnie\u017c odwiedzaj\u0105c najlepsze kliniki na \u015bwiecie. W ostatnich latach mia\u0142em przyjemno\u015b\u0107 by\u0107 go\u015bciem m.in . w presti\u017cowych klinikach w Singapurze, Madrycie czy Lyonie.<\/p>\n<p>[\/et_pb_text][\/et_pb_column][et_pb_column type=&#8221;1_2&#8243; _builder_version=&#8221;4.11.3&#8243; _module_preset=&#8221;default&#8221; global_colors_info=&#8221;{}&#8221;][et_pb_image src=&#8221;https:\/\/implantolog.info\/wp-content\/uploads\/2021\/10\/01.png&#8221; title_text=&#8221;01&#8243; _builder_version=&#8221;4.12.0&#8243; _module_preset=&#8221;default&#8221; global_colors_info=&#8221;{}&#8221;][\/et_pb_image][et_pb_text _builder_version=&#8221;4.12.0&#8243; _module_preset=&#8221;default&#8221; global_colors_info=&#8221;{}&#8221;]<\/p>\n<p>Klinika dr Lee w Singapurze,<\/p>\n<p>[\/et_pb_text][et_pb_image src=&#8221;https:\/\/implantolog.info\/wp-content\/uploads\/2021\/10\/00_IMG_2542-2-3-scaled.jpg&#8221; title_text=&#8221;00_IMG_2542 2-3&#8243; _builder_version=&#8221;4.12.0&#8243; _module_preset=&#8221;default&#8221; global_colors_info=&#8221;{}&#8221;][\/et_pb_image][et_pb_text _builder_version=&#8221;4.12.0&#8243; _module_preset=&#8221;default&#8221; global_colors_info=&#8221;{}&#8221;]<\/p>\n<p>Z wybitnym protetykiem dr Gonzalesem w Madrycie<\/p>\n<p>[\/et_pb_text][et_pb_image src=&#8221;https:\/\/implantolog.info\/wp-content\/uploads\/2021\/10\/00_IMG_2866-2.jpg&#8221; title_text=&#8221;00_IMG_2866-2&#8243; _builder_version=&#8221;4.12.0&#8243; _module_preset=&#8221;default&#8221; global_colors_info=&#8221;{}&#8221;][\/et_pb_image][et_pb_text _builder_version=&#8221;4.12.0&#8243; _module_preset=&#8221;default&#8221; global_colors_info=&#8221;{}&#8221;]<\/p>\n<p>W nowoczesnej klinice implantologicznej w Lyonie<\/p>\n<p>[\/et_pb_text][\/et_pb_column][\/et_pb_row][\/et_pb_section]<\/p>\n","protected":false},"excerpt":{"rendered":"<p>Implantolog z 20 letnim do\u015bwiadczeniemOd 21 lat, kiedy to za\u0142o\u017cy\u0142em sw\u00f3j pierwszy implant, w Pary\u017cu pod nadzoremspecjalist\u00f3w ze szpitala Tenon, zajmuj\u0119 si\u0119 t\u0105 fascynuj\u0105c\u0105 dziedzin\u0105 stomatologii. Dla dobra i satysfakcji pacjent\u00f3w wykonuj\u0119 zar\u00f3wno zabiegi implantologiczne, jaki\u00a0 i skomplikowane zabiegi chirurgii przed implantacyjnej &#8211; sterowan\u0105 regeneracj\u0119 ko\u015bci, sinus-liftingi, zabiegi augmentacji pionowej i wszelkie inne zabiegi wspomagaj\u0105ce [&hellip;]<\/p>\n","protected":false},"author":1,"featured_media":0,"parent":0,"menu_order":0,"comment_status":"closed","ping_status":"closed","template":"","meta":{"_et_pb_use_builder":"on","_et_pb_old_content":"","_et_gb_content_width":"","footnotes":""},"class_list":["post-91","page","type-page","status-publish","hentry"],"yoast_head":"<!-- This site is optimized with the Yoast SEO plugin v21.9.1 - https:\/\/yoast.com\/wordpress\/plugins\/seo\/ -->\n<title>O mnie - Implantolog Piotr Kaczmarek<\/title>\n<meta name=\"description\" content=\"Dr Piotr Kaczmarek, lekarz, dentysta, stomatolog, implantolog, specjalista implantologii i implantoprotetyki na Uniwersytecie im. Kartezjusza w Pary\u017cu, rocznik 2003, obecnie Warszawa. Od 21 lat, kiedy to za\u0142o\u017cy\u0142em sw\u00f3j pierwszy implant, w Pary\u017cu pod nadzorem specjalist\u00f3w ze szpitala Tenon, zajmuj\u0119 si\u0119 t\u0105 fascynuj\u0105c\u0105 dziedzin\u0105 stomatologii. Dla dobra i satysfakcji pacjent\u00f3w wykonuj\u0119 zar\u00f3wno zabiegi implantologiczne, jaki i skomplikowane zabiegi chirurgii przed implantacyjnej \u2013sterowan\u0105 regeneracj\u0119 ko\u015bci, sinus-liftingi, zabiegi augmentacji pionowej i wszelkie inne zabiegi wspomagaj\u0105ce leczenie implantologiczne.\" \/>\n<meta name=\"robots\" content=\"index, follow, max-snippet:-1, max-image-preview:large, max-video-preview:-1\" \/>\n<link rel=\"canonical\" href=\"https:\/\/implantolog.info\/?page_id=91\" \/>\n<meta property=\"og:locale\" content=\"pl_PL\" \/>\n<meta property=\"og:type\" content=\"article\" \/>\n<meta property=\"og:title\" content=\"O mnie - Implantolog Piotr Kaczmarek\" \/>\n<meta property=\"og:description\" content=\"Dr Piotr Kaczmarek, lekarz, dentysta, stomatolog, implantolog, specjalista implantologii i implantoprotetyki na Uniwersytecie im. Kartezjusza w Pary\u017cu, rocznik 2003, obecnie Warszawa. Od 21 lat, kiedy to za\u0142o\u017cy\u0142em sw\u00f3j pierwszy implant, w Pary\u017cu pod nadzorem specjalist\u00f3w ze szpitala Tenon, zajmuj\u0119 si\u0119 t\u0105 fascynuj\u0105c\u0105 dziedzin\u0105 stomatologii. Dla dobra i satysfakcji pacjent\u00f3w wykonuj\u0119 zar\u00f3wno zabiegi implantologiczne, jaki i skomplikowane zabiegi chirurgii przed implantacyjnej \u2013sterowan\u0105 regeneracj\u0119 ko\u015bci, sinus-liftingi, zabiegi augmentacji pionowej i wszelkie inne zabiegi wspomagaj\u0105ce leczenie implantologiczne.\" \/>\n<meta property=\"og:url\" content=\"https:\/\/implantolog.info\/?page_id=91\" \/>\n<meta property=\"og:site_name\" content=\"Implantolog Piotr Kaczmarek\" \/>\n<meta property=\"article:modified_time\" content=\"2021-11-07T14:42:45+00:00\" \/>\n<meta name=\"twitter:card\" content=\"summary_large_image\" \/>\n<meta name=\"twitter:label1\" content=\"Szacowany czas czytania\" \/>\n\t<meta name=\"twitter:data1\" content=\"3 minuty\" \/>\n<script type=\"application\/ld+json\" class=\"yoast-schema-graph\">{\"@context\":\"https:\/\/schema.org\",\"@graph\":[{\"@type\":\"WebPage\",\"@id\":\"https:\/\/implantolog.info\/?page_id=91\",\"url\":\"https:\/\/implantolog.info\/?page_id=91\",\"name\":\"O mnie - Implantolog Piotr Kaczmarek\",\"isPartOf\":{\"@id\":\"https:\/\/implantolog.info\/#website\"},\"datePublished\":\"2021-10-20T06:40:35+00:00\",\"dateModified\":\"2021-11-07T14:42:45+00:00\",\"description\":\"Dr Piotr Kaczmarek, lekarz, dentysta, stomatolog, implantolog, specjalista implantologii i implantoprotetyki na Uniwersytecie im. Kartezjusza w Pary\u017cu, rocznik 2003, obecnie Warszawa. Od 21 lat, kiedy to za\u0142o\u017cy\u0142em sw\u00f3j pierwszy implant, w Pary\u017cu pod nadzorem specjalist\u00f3w ze szpitala Tenon, zajmuj\u0119 si\u0119 t\u0105 fascynuj\u0105c\u0105 dziedzin\u0105 stomatologii. Dla dobra i satysfakcji pacjent\u00f3w wykonuj\u0119 zar\u00f3wno zabiegi implantologiczne, jaki i skomplikowane zabiegi chirurgii przed implantacyjnej \u2013sterowan\u0105 regeneracj\u0119 ko\u015bci, sinus-liftingi, zabiegi augmentacji pionowej i wszelkie inne zabiegi wspomagaj\u0105ce leczenie implantologiczne.\",\"breadcrumb\":{\"@id\":\"https:\/\/implantolog.info\/?page_id=91#breadcrumb\"},\"inLanguage\":\"pl-PL\",\"potentialAction\":[{\"@type\":\"ReadAction\",\"target\":[\"https:\/\/implantolog.info\/?page_id=91\"]}]},{\"@type\":\"BreadcrumbList\",\"@id\":\"https:\/\/implantolog.info\/?page_id=91#breadcrumb\",\"itemListElement\":[{\"@type\":\"ListItem\",\"position\":1,\"name\":\"Strona g\u0142\u00f3wna\",\"item\":\"https:\/\/implantolog.info\/\"},{\"@type\":\"ListItem\",\"position\":2,\"name\":\"O mnie\"}]},{\"@type\":\"WebSite\",\"@id\":\"https:\/\/implantolog.info\/#website\",\"url\":\"https:\/\/implantolog.info\/\",\"name\":\"Implantolog Piotr Kaczmarek\",\"description\":\"Implantolog Piotr Kaczmarek\",\"publisher\":{\"@id\":\"https:\/\/implantolog.info\/#organization\"},\"potentialAction\":[{\"@type\":\"SearchAction\",\"target\":{\"@type\":\"EntryPoint\",\"urlTemplate\":\"https:\/\/implantolog.info\/?s={search_term_string}\"},\"query-input\":\"required name=search_term_string\"}],\"inLanguage\":\"pl-PL\"},{\"@type\":\"Organization\",\"@id\":\"https:\/\/implantolog.info\/#organization\",\"name\":\"Implantolog Piotr F. Kaczmarek\",\"url\":\"https:\/\/implantolog.info\/\",\"logo\":{\"@type\":\"ImageObject\",\"inLanguage\":\"pl-PL\",\"@id\":\"https:\/\/implantolog.info\/#\/schema\/logo\/image\/\",\"url\":\"https:\/\/implantolog.info\/wp-content\/uploads\/2021\/10\/Logo-Implantologia.png\",\"contentUrl\":\"https:\/\/implantolog.info\/wp-content\/uploads\/2021\/10\/Logo-Implantologia.png\",\"width\":1486,\"height\":417,\"caption\":\"Implantolog Piotr F. Kaczmarek\"},\"image\":{\"@id\":\"https:\/\/implantolog.info\/#\/schema\/logo\/image\/\"}}]}<\/script>\n<!-- \/ Yoast SEO plugin. -->","yoast_head_json":{"title":"O mnie - Implantolog Piotr Kaczmarek","description":"Dr Piotr Kaczmarek, lekarz, dentysta, stomatolog, implantolog, specjalista implantologii i implantoprotetyki na Uniwersytecie im. Kartezjusza w Pary\u017cu, rocznik 2003, obecnie Warszawa. Od 21 lat, kiedy to za\u0142o\u017cy\u0142em sw\u00f3j pierwszy implant, w Pary\u017cu pod nadzorem specjalist\u00f3w ze szpitala Tenon, zajmuj\u0119 si\u0119 t\u0105 fascynuj\u0105c\u0105 dziedzin\u0105 stomatologii. Dla dobra i satysfakcji pacjent\u00f3w wykonuj\u0119 zar\u00f3wno zabiegi implantologiczne, jaki i skomplikowane zabiegi chirurgii przed implantacyjnej \u2013sterowan\u0105 regeneracj\u0119 ko\u015bci, sinus-liftingi, zabiegi augmentacji pionowej i wszelkie inne zabiegi wspomagaj\u0105ce leczenie implantologiczne.","robots":{"index":"index","follow":"follow","max-snippet":"max-snippet:-1","max-image-preview":"max-image-preview:large","max-video-preview":"max-video-preview:-1"},"canonical":"https:\/\/implantolog.info\/?page_id=91","og_locale":"pl_PL","og_type":"article","og_title":"O mnie - Implantolog Piotr Kaczmarek","og_description":"Dr Piotr Kaczmarek, lekarz, dentysta, stomatolog, implantolog, specjalista implantologii i implantoprotetyki na Uniwersytecie im. Kartezjusza w Pary\u017cu, rocznik 2003, obecnie Warszawa. Od 21 lat, kiedy to za\u0142o\u017cy\u0142em sw\u00f3j pierwszy implant, w Pary\u017cu pod nadzorem specjalist\u00f3w ze szpitala Tenon, zajmuj\u0119 si\u0119 t\u0105 fascynuj\u0105c\u0105 dziedzin\u0105 stomatologii. Dla dobra i satysfakcji pacjent\u00f3w wykonuj\u0119 zar\u00f3wno zabiegi implantologiczne, jaki i skomplikowane zabiegi chirurgii przed implantacyjnej \u2013sterowan\u0105 regeneracj\u0119 ko\u015bci, sinus-liftingi, zabiegi augmentacji pionowej i wszelkie inne zabiegi wspomagaj\u0105ce leczenie implantologiczne.","og_url":"https:\/\/implantolog.info\/?page_id=91","og_site_name":"Implantolog Piotr Kaczmarek","article_modified_time":"2021-11-07T14:42:45+00:00","twitter_card":"summary_large_image","twitter_misc":{"Szacowany czas czytania":"3 minuty"},"schema":{"@context":"https:\/\/schema.org","@graph":[{"@type":"WebPage","@id":"https:\/\/implantolog.info\/?page_id=91","url":"https:\/\/implantolog.info\/?page_id=91","name":"O mnie - Implantolog Piotr Kaczmarek","isPartOf":{"@id":"https:\/\/implantolog.info\/#website"},"datePublished":"2021-10-20T06:40:35+00:00","dateModified":"2021-11-07T14:42:45+00:00","description":"Dr Piotr Kaczmarek, lekarz, dentysta, stomatolog, implantolog, specjalista implantologii i implantoprotetyki na Uniwersytecie im. Kartezjusza w Pary\u017cu, rocznik 2003, obecnie Warszawa. Od 21 lat, kiedy to za\u0142o\u017cy\u0142em sw\u00f3j pierwszy implant, w Pary\u017cu pod nadzorem specjalist\u00f3w ze szpitala Tenon, zajmuj\u0119 si\u0119 t\u0105 fascynuj\u0105c\u0105 dziedzin\u0105 stomatologii. Dla dobra i satysfakcji pacjent\u00f3w wykonuj\u0119 zar\u00f3wno zabiegi implantologiczne, jaki i skomplikowane zabiegi chirurgii przed implantacyjnej \u2013sterowan\u0105 regeneracj\u0119 ko\u015bci, sinus-liftingi, zabiegi augmentacji pionowej i wszelkie inne zabiegi wspomagaj\u0105ce leczenie implantologiczne.","breadcrumb":{"@id":"https:\/\/implantolog.info\/?page_id=91#breadcrumb"},"inLanguage":"pl-PL","potentialAction":[{"@type":"ReadAction","target":["https:\/\/implantolog.info\/?page_id=91"]}]},{"@type":"BreadcrumbList","@id":"https:\/\/implantolog.info\/?page_id=91#breadcrumb","itemListElement":[{"@type":"ListItem","position":1,"name":"Strona g\u0142\u00f3wna","item":"https:\/\/implantolog.info\/"},{"@type":"ListItem","position":2,"name":"O mnie"}]},{"@type":"WebSite","@id":"https:\/\/implantolog.info\/#website","url":"https:\/\/implantolog.info\/","name":"Implantolog Piotr Kaczmarek","description":"Implantolog Piotr Kaczmarek","publisher":{"@id":"https:\/\/implantolog.info\/#organization"},"potentialAction":[{"@type":"SearchAction","target":{"@type":"EntryPoint","urlTemplate":"https:\/\/implantolog.info\/?s={search_term_string}"},"query-input":"required name=search_term_string"}],"inLanguage":"pl-PL"},{"@type":"Organization","@id":"https:\/\/implantolog.info\/#organization","name":"Implantolog Piotr F. Kaczmarek","url":"https:\/\/implantolog.info\/","logo":{"@type":"ImageObject","inLanguage":"pl-PL","@id":"https:\/\/implantolog.info\/#\/schema\/logo\/image\/","url":"https:\/\/implantolog.info\/wp-content\/uploads\/2021\/10\/Logo-Implantologia.png","contentUrl":"https:\/\/implantolog.info\/wp-content\/uploads\/2021\/10\/Logo-Implantologia.png","width":1486,"height":417,"caption":"Implantolog Piotr F. Kaczmarek"},"image":{"@id":"https:\/\/implantolog.info\/#\/schema\/logo\/image\/"}}]}},"_links":{"self":[{"href":"https:\/\/implantolog.info\/index.php?rest_route=\/wp\/v2\/pages\/91","targetHints":{"allow":["GET"]}}],"collection":[{"href":"https:\/\/implantolog.info\/index.php?rest_route=\/wp\/v2\/pages"}],"about":[{"href":"https:\/\/implantolog.info\/index.php?rest_route=\/wp\/v2\/types\/page"}],"author":[{"embeddable":true,"href":"https:\/\/implantolog.info\/index.php?rest_route=\/wp\/v2\/users\/1"}],"replies":[{"embeddable":true,"href":"https:\/\/implantolog.info\/index.php?rest_route=%2Fwp%2Fv2%2Fcomments&post=91"}],"version-history":[{"count":10,"href":"https:\/\/implantolog.info\/index.php?rest_route=\/wp\/v2\/pages\/91\/revisions"}],"predecessor-version":[{"id":331,"href":"https:\/\/implantolog.info\/index.php?rest_route=\/wp\/v2\/pages\/91\/revisions\/331"}],"wp:attachment":[{"href":"https:\/\/implantolog.info\/index.php?rest_route=%2Fwp%2Fv2%2Fmedia&parent=91"}],"curies":[{"name":"wp","href":"https:\/\/api.w.org\/{rel}","templated":true}]}}